{"id":80,"date":"2021-12-07T22:57:14","date_gmt":"2021-12-07T20:57:14","guid":{"rendered":"http:\/\/dev.agabus.eus\/?page_id=80"},"modified":"2023-02-09T13:10:42","modified_gmt":"2023-02-09T11:10:42","slug":"enllacos","status":"publish","type":"page","link":"https:\/\/agabus.eus\/eu\/enllacos\/","title":{"rendered":"Estekak"},"content":{"rendered":"<p><\/p>\n<h6>Argazki-galeriak<\/h6>\n<ul>\n<li><a href=\"https:\/\/www.flickr.com\/photos\/54176651@N03\">Sergio Iba\u00f1ezen argazki-galeria<\/a>.<\/li>\n<li><a href=\"https:\/\/www.flickr.com\/photos\/87244517@N03\">Antton Anuncibayren argazki galeria<\/a>.<\/li>\n<li><a href=\"https:\/\/www.flickr.com\/photos\/ion_rios\">Ion R\u00edosen argazki-galeria<\/a>.<\/li>\n<li><a href=\"https:\/\/www.flickr.com\/photos\/tgnbus\/\">Carlos Martinezen argazki-galeria<\/a>.<\/li>\n<\/ul>\n<h6>Garraio-operadoreak<\/h6>\n<ul>\n<li><a href=\"https:\/\/www.lurraldebus.eus\/\">Lurraldebus<\/a>.<\/li>\n<li><a href=\"https:\/\/www.dbus.eus\/\">DBus<\/a>.<\/li>\n<li><a href=\"https:\/\/ekialdebus.eus\/eu\/\">Ekialdebus<\/a>.<\/li>\n<li><a href=\"https:\/\/www.tbh.eus\/\">TBH<\/a>.<\/li>\n<li><a href=\"http:\/\/tolosaldeabus.net\/\">Tolosaldea<\/a>.<\/li>\n<li><a href=\"https:\/\/www.laguipuzcoana.eus\/\">La Guipuzcoana<\/a>.<\/li>\n<li><a href=\"https:\/\/euskotren.eus\/\">Euskotren<\/a>.<\/li>\n<li><a href=\"https:\/\/web.bilmanbus.es\/lurraldebus\/\">Bilman Bus Lurraldebus<\/a>.<\/li>\n<li><a href=\"https:\/\/www.pesa.net\/pesa\/es\/inicio\">Avanza Pesa<\/a>.<\/li>\n<\/ul>\n<h6>Elkarteak<\/h6>\n<ul>\n<li><a href=\"https:\/\/www.arca-bus.org\/\">ARCA, Associaci\u00f3 per la Recuperaci\u00f3 i Conservaci\u00f3 d&#8217;Autobusos (Sabadell, Katalunia)<\/a>.<\/li>\n<li><a href=\"http:\/\/www.aemtbus.org\/\">AEMTBus, Asociaci\u00f3n de Amigos de la EMT y del Autob\u00fas (Madril)<\/a>.<\/li>\n<li><a href=\"http:\/\/tran-bus.com\/\">TRAN-BUS, Asociaci\u00f3n Malague\u00f1a para la Recuperaci\u00f3n y Restauraci\u00f3n de Tranv\u00edas y Autobuses (Malaga)<\/a>.<\/li>\n<li><a href=\"http:\/\/www.euskalbml.com\/\">BML, Euskal Burnibidearen Museoaren Lagunak<\/a>.<\/li>\n<\/ul>\n<p>&nbsp;<\/p>","protected":false},"excerpt":{"rendered":"<p>Argazki-galeriak Sergio Iba\u00f1ezen argazki-galeria. Antton Anuncibayren argazki galeria. Ion R\u00edosen argazki-galeria. Carlos Martinezen argazki-galeria. Garraio-operadoreak Lurraldebus. DBus. Ekialdebus. TBH. Tolosaldea. La Guipuzcoana. Euskotren. Bilman Bus Lurraldebus. Avanza Pesa. Elkarteak ARCA, Associaci\u00f3 per la Recuperaci\u00f3 i Conservaci\u00f3 d&#8217;Autobusos (Sabadell, Katalunia). AEMTBus, Asociaci\u00f3n de Amigos de la EMT y del Autob\u00fas (Madril). [&hellip;]<\/p>\n","protected":false},"author":1,"featured_media":0,"parent":0,"menu_order":0,"comment_status":"closed","ping_status":"closed","template":"","meta":{"footnotes":""},"class_list":["post-80","page","type-page","status-publish","hentry"],"_links":{"self":[{"href":"https:\/\/agabus.eus\/eu\/wp-json\/wp\/v2\/pages\/80","targetHints":{"allow":["GET"]}}],"collection":[{"href":"https:\/\/agabus.eus\/eu\/wp-json\/wp\/v2\/pages"}],"about":[{"href":"https:\/\/agabus.eus\/eu\/wp-json\/wp\/v2\/types\/page"}],"author":[{"embeddable":true,"href":"https:\/\/agabus.eus\/eu\/wp-json\/wp\/v2\/users\/1"}],"replies":[{"embeddable":true,"href":"https:\/\/agabus.eus\/eu\/wp-json\/wp\/v2\/comments?post=80"}],"version-history":[{"count":6,"href":"https:\/\/agabus.eus\/eu\/wp-json\/wp\/v2\/pages\/80\/revisions"}],"predecessor-version":[{"id":446,"href":"https:\/\/agabus.eus\/eu\/wp-json\/wp\/v2\/pages\/80\/revisions\/446"}],"wp:attachment":[{"href":"https:\/\/agabus.eus\/eu\/wp-json\/wp\/v2\/media?parent=80"}],"curies":[{"name":"wp","href":"https:\/\/api.w.org\/{rel}","templated":true}]}}