{"id":270,"date":"2022-11-23T16:42:46","date_gmt":"2022-11-23T14:42:46","guid":{"rendered":"http:\/\/dev.agabus.eus\/?page_id=270"},"modified":"2023-02-09T13:03:59","modified_gmt":"2023-02-09T11:03:59","slug":"patrimonio","status":"publish","type":"page","link":"https:\/\/agabus.eus\/eu\/somos-agabus\/patrimonio\/","title":{"rendered":"Ondarea"},"content":{"rendered":"<p>Espainiar estatuan, oro har, ez dago sentsibilitate edo kultura handirik industria-ondarearekiko, eta bereziki, industria-ibilgailuekiko.<\/p>\n<p>Automobilei eta motorrei dagokienez, zaletasun sendoa eta gero eta handiagoa dago, eta kontserbazio-kultura eta balioa nabarmentzeko kultura dago (hainbat jarduera egitea, hala nola rallyak, kontzentrazioak, erakusketak eta abar, elkarteek, klubek, enpresek eta, askotan, erakunde publiko zein pribatuek antolatuta).<\/p>\n<p>Hala ere, ibilgailu industrialen kasuan (kamioiak, autobusak, nekazaritzako eta industriako makinak, etab.) hori desberdina da. Egia da sektore honetan ere badirela zaleak, bildumagileak eta ondarea zaintzera bideratutako elkarteak, baina tamaina txikiagokoak dira. Sektore horietan ekimen gutxiago daude balioa ematearen alde, nahiz eta, azken urteotan, forma hartzen hasi diren ekimen eta proiektu batzuk egiaztatu ditugun, batez ere kamioi historikoekin eta, batzuetan, autobusekin.<\/p>\n<p>Espainiako estatuan badira sektore horri lotutako elkarteak, gero eta indar handiagoa hartzen ari direnak, baina bazkideen ekarpen ekonomikoarekin bakarrik irauten dute, eta horiek ahalegin ekonomiko handia egiten dute. Kontuan izan behar da Euskadik, Nafarroak eta Espainiak ibilgailu mota horien eraikuntzan izan duten zeregina oso nabarmena izan dela (Hispano-Suitza, Barreiros, Pegaso, Ebro, Avia, Seida, Irizar, Sunsundegui, etab.).<\/p>\n<div id=\"attachment_276\" style=\"width: 910px\" class=\"wp-caption alignnone\"><img loading=\"lazy\" decoding=\"async\" aria-describedby=\"caption-attachment-276\" src=\"http:\/\/dev.agabus.eus\/wp-content\/uploads\/2022\/11\/IGUALADA-B3030BK-2017-06-04-Sta.Perpetua-Ctra.B-140-Alstom-CMP-3-copia.jpg\" alt=\"Argazkia: Carlos Mart\u00ednez.\" width=\"900\" height=\"300\" class=\"size-full wp-image-276\" srcset=\"https:\/\/agabus.eus\/wp-content\/uploads\/2022\/11\/IGUALADA-B3030BK-2017-06-04-Sta.Perpetua-Ctra.B-140-Alstom-CMP-3-copia.jpg 900w, https:\/\/agabus.eus\/wp-content\/uploads\/2022\/11\/IGUALADA-B3030BK-2017-06-04-Sta.Perpetua-Ctra.B-140-Alstom-CMP-3-copia-300x100.jpg 300w, https:\/\/agabus.eus\/wp-content\/uploads\/2022\/11\/IGUALADA-B3030BK-2017-06-04-Sta.Perpetua-Ctra.B-140-Alstom-CMP-3-copia-768x256.jpg 768w\" sizes=\"auto, (max-width: 900px) 100vw, 900px\" \/><p id=\"caption-attachment-276\" class=\"wp-caption-text\">Argazkia: Carlos Mart\u00ednez.<\/p><\/div>\n<p>Egoera desberdina da Europako hainbat herrialdetan, garai bateko pertsonak eta salgaiak garraiatzeko ibilgailuak zaintzeko eta balioesteko kultura handiagoa baitago. Hainbat elkarte, enpresa, erakunde eta erakunde publikok sustatutako ekimen eta proiektuen adibide gehiago aurki ditzakegu, hala nola museoak, kontzentrazioak, material historikoarekin zerbitzatutako lerroak, etab.<\/p>\n<p>Erakunde horien instalazioetan edo hainbat jardueratan ikusteaz gain, garai bateko autobusak oso erakargarri izaten dira filmetan, publizitatean eta telesailetan, ibilgailu horiek gure kale eta errepideetan ibiltzen ziren garaietan.<\/p>\n<p>Hona hemen autobusaren sektorean ondarea zaintzeko Espainiako estatuan dauden adibide nabarmenetako batzuk:<\/p>\n<h5>Elkarteak<\/h5>\n<h6>ARCA, Associaci\u00f3 per la Recuperaci\u00f3 i Conservaci\u00f3 d&#8217;Autobusos<\/h6>\n<div id=\"attachment_278\" style=\"width: 910px\" class=\"wp-caption alignnone\"><img loading=\"lazy\" decoding=\"async\" aria-describedby=\"caption-attachment-278\" src=\"http:\/\/dev.agabus.eus\/wp-content\/uploads\/2022\/11\/IMG_7071-copia-2018-05-12-BCN-Pol.Ind_.Zona-Franca-CMP.jpg\" alt=\"Argazkia: Carlos Mart\u00ednez.\" width=\"900\" height=\"600\" class=\"size-full wp-image-278\" srcset=\"https:\/\/agabus.eus\/wp-content\/uploads\/2022\/11\/IMG_7071-copia-2018-05-12-BCN-Pol.Ind_.Zona-Franca-CMP.jpg 900w, https:\/\/agabus.eus\/wp-content\/uploads\/2022\/11\/IMG_7071-copia-2018-05-12-BCN-Pol.Ind_.Zona-Franca-CMP-300x200.jpg 300w, https:\/\/agabus.eus\/wp-content\/uploads\/2022\/11\/IMG_7071-copia-2018-05-12-BCN-Pol.Ind_.Zona-Franca-CMP-768x512.jpg 768w, https:\/\/agabus.eus\/wp-content\/uploads\/2022\/11\/IMG_7071-copia-2018-05-12-BCN-Pol.Ind_.Zona-Franca-CMP-360x240.jpg 360w\" sizes=\"auto, (max-width: 900px) 100vw, 900px\" \/><p id=\"caption-attachment-278\" class=\"wp-caption-text\">Argazkia: Carlos Mart\u00ednez.<\/p><\/div>\n<p>Espainiako estatuan autobusak zaintzen dituen lehen elkartea. Flota zabala du, eta horri bazkideren batzuen ibilgailuak gehitu behar zaizkio. Urtean zehar hainbat jarduera egiten ditu, besteak beste, Ral\u00b7li d&#8217;Autobusos Cl\u00e0ssics Barcelona-Caldes eta Ral\u00b7lib\u00fas de Sabadell, Mendebaldeko Vall\u00e8s hiriburuko jai nagusien esparruan egiten dena.<\/p>\n<p>Webgunea:\u00a0<a href=\"https:\/\/www.arca-bus.org\/es\/\">https:\/\/www.arca-bus.org\/es\/<\/a><\/p>\n<h6>AEMTBus, Asociaci\u00f3n de Amigos de la EMT y del Autob\u00fas<\/h6>\n<div id=\"attachment_282\" style=\"width: 910px\" class=\"wp-caption alignnone\"><img loading=\"lazy\" decoding=\"async\" aria-describedby=\"caption-attachment-282\" src=\"http:\/\/dev.agabus.eus\/wp-content\/uploads\/2022\/11\/MADRID-MADRID-708-2014-11-01-M4356GV-Lin36-Intercambiador-Atocha-Renfe-CMP-11.jpg\" alt=\"Argazkia: Carlos Mart\u00ednez.\" width=\"900\" height=\"600\" class=\"size-full wp-image-282\" srcset=\"https:\/\/agabus.eus\/wp-content\/uploads\/2022\/11\/MADRID-MADRID-708-2014-11-01-M4356GV-Lin36-Intercambiador-Atocha-Renfe-CMP-11.jpg 900w, https:\/\/agabus.eus\/wp-content\/uploads\/2022\/11\/MADRID-MADRID-708-2014-11-01-M4356GV-Lin36-Intercambiador-Atocha-Renfe-CMP-11-300x200.jpg 300w, https:\/\/agabus.eus\/wp-content\/uploads\/2022\/11\/MADRID-MADRID-708-2014-11-01-M4356GV-Lin36-Intercambiador-Atocha-Renfe-CMP-11-768x512.jpg 768w, https:\/\/agabus.eus\/wp-content\/uploads\/2022\/11\/MADRID-MADRID-708-2014-11-01-M4356GV-Lin36-Intercambiador-Atocha-Renfe-CMP-11-360x240.jpg 360w\" sizes=\"auto, (max-width: 900px) 100vw, 900px\" \/><p id=\"caption-attachment-282\" class=\"wp-caption-text\">Argazkia: Carlos Mart\u00ednez.<\/p><\/div>\n<p>Madrilgo EMTren baitan sortutako elkartea da, eta enpresaren museoa kudeatzen eta ondarea zabaltzeko jarduerak antolatzen laguntzen du. EMTk lagatako Pegaso 6038 modeloko unitate bat dute beren zaintzapean.<\/p>\n<p>Webgunea:\u00a0<a href=\"http:\/\/www.aemtbus.org\/\">http:\/\/www.aemtbus.org\/<\/a><\/p>\n<h6>TRAN-BUS, Asociaci\u00f3n Malague\u00f1a para la Recuperaci\u00f3n y Restauraci\u00f3n de Tranv\u00edas y Autobuses<\/h6>\n<div id=\"attachment_284\" style=\"width: 753px\" class=\"wp-caption alignnone\"><img loading=\"lazy\" decoding=\"async\" aria-describedby=\"caption-attachment-284\" src=\"http:\/\/dev.agabus.eus\/wp-content\/uploads\/2022\/11\/Screenshot_20221123-104040__01.jpg\" alt=\"Argazkia: Pedro Garc\u00eda Izquierdo.\" width=\"743\" height=\"304\" class=\"size-full wp-image-284\" srcset=\"https:\/\/agabus.eus\/wp-content\/uploads\/2022\/11\/Screenshot_20221123-104040__01.jpg 743w, https:\/\/agabus.eus\/wp-content\/uploads\/2022\/11\/Screenshot_20221123-104040__01-300x123.jpg 300w\" sizes=\"auto, (max-width: 743px) 100vw, 743px\" \/><p id=\"caption-attachment-284\" class=\"wp-caption-text\">Argazkia: Pedro Garc\u00eda Izquierdo.<\/p><\/div>\n<p>Elkarte honek Malagan du egoitza, zaindutako ibilgailuen flota zabala du, eta Malagako EMTrekin lankidetzan aritzen da ibilgailu horiek parte hartzen duten hainbat jarduera antolatzen.<\/p>\n<p>Elkarrizketa Jos\u00e9 Ram\u00f3n Rodr\u00edguez TRAN-BUSeko presidenteari eta Pedro Garc\u00eda erakundeko zuzendaritza-batzordeko kideari; Onda Azul Malagan eman zen, 2013ko ekainaren 20an:<\/p>\n<p><iframe loading=\"lazy\" width=\"900\" height=\"506\" src=\"https:\/\/www.youtube.com\/embed\/42tTCQ7YhvM\" title=\"YouTube video player\" frameborder=\"0\" allow=\"accelerometer; autoplay; clipboard-write; encrypted-media; gyroscope; picture-in-picture\" allowfullscreen=\"allowfullscreen\"><\/iframe><\/p>\n<p>Webgunea:\u00a0<a href=\"http:\/\/tran-bus.com\/\">http:\/\/tran-bus.com\/<\/a><\/p>\n<h6>BML, Euskal Burnibidearen Museoaren Lagunak<\/h6>\n<div id=\"attachment_285\" style=\"width: 910px\" class=\"wp-caption alignnone\"><img loading=\"lazy\" decoding=\"async\" aria-describedby=\"caption-attachment-285\" src=\"http:\/\/dev.agabus.eus\/wp-content\/uploads\/2022\/11\/1884-2018-06-08-BI0301BJ-BILBOBUS-LinBML-El-Bruc-Bruc-de-Dalt-CMP-11.jpg\" alt=\"Argazkia: Carlos Mart\u00ednez.\" width=\"900\" height=\"600\" class=\"size-full wp-image-285\" srcset=\"https:\/\/agabus.eus\/wp-content\/uploads\/2022\/11\/1884-2018-06-08-BI0301BJ-BILBOBUS-LinBML-El-Bruc-Bruc-de-Dalt-CMP-11.jpg 900w, https:\/\/agabus.eus\/wp-content\/uploads\/2022\/11\/1884-2018-06-08-BI0301BJ-BILBOBUS-LinBML-El-Bruc-Bruc-de-Dalt-CMP-11-300x200.jpg 300w, https:\/\/agabus.eus\/wp-content\/uploads\/2022\/11\/1884-2018-06-08-BI0301BJ-BILBOBUS-LinBML-El-Bruc-Bruc-de-Dalt-CMP-11-768x512.jpg 768w, https:\/\/agabus.eus\/wp-content\/uploads\/2022\/11\/1884-2018-06-08-BI0301BJ-BILBOBUS-LinBML-El-Bruc-Bruc-de-Dalt-CMP-11-360x240.jpg 360w\" sizes=\"auto, (max-width: 900px) 100vw, 900px\" \/><p id=\"caption-attachment-285\" class=\"wp-caption-text\">Argazkia: Carlos Mart\u00ednez.<\/p><\/div>\n<p>BML Burdinbidearen Euskal Museoaren Lagunen Elkartea da, eta Azpeitian du egoitza, museoan bertan, eta lankidetza estua du harekin. Duela urte batzuk, Bilbobuseko Mercedes Benz O405 unitate bat jaso zuen dohaintzan, museoa zaintzen duena eta museoa sustatzeko jardueretarako erabiltzen duena.<\/p>\n<p>Parte hartu duen jarduerarik nabarmenetako bat 2018an izan zen, Ral\u00b7li d&#8217;Autobusos Cl\u00e0sics Barcelona-Caldes jaialdiaren IX. edizioan. Antolatzaileek gonbidatu zuten, eta gure bi bazkidek parte hartu zuten boluntario gisas.<\/p>\n<p>BMLk zaindutako Mercedes Benz O405 barnetik grabatutako bideoa. Bertan, Ral\u00b7li d&#8217;Autobusos Cl\u00e0ssics Barcelona-Caldes taldearen IX. edizioko ibilbidea ikus daiteke:<\/p>\n<p><iframe loading=\"lazy\" width=\"900\" height=\"506\" src=\"https:\/\/www.youtube.com\/embed\/-d0FzWMuPBI\" title=\"YouTube video player\" frameborder=\"0\" allow=\"accelerometer; autoplay; clipboard-write; encrypted-media; gyroscope; picture-in-picture\" allowfullscreen><\/iframe><\/p>\n<p>Webgunea:\u00a0<a href=\"http:\/\/www.euskalbml.com\/\">http:\/\/www.euskalbml.com\/<\/a><\/p>\n<h5>Enpresak<\/h5>\n<h6>EMT, Empresa Municipal de Transportes de Madrid<\/h6>\n<div id=\"attachment_286\" style=\"width: 910px\" class=\"wp-caption alignnone\"><img loading=\"lazy\" decoding=\"async\" aria-describedby=\"caption-attachment-286\" src=\"http:\/\/dev.agabus.eus\/wp-content\/uploads\/2022\/11\/IMG_0904-copia-2012-10-27-Cotxera-Fuencarral-CMP.jpg\" alt=\"Argazkia: Carlos Mart\u00ednez.\" width=\"900\" height=\"400\" class=\"size-full wp-image-286\" srcset=\"https:\/\/agabus.eus\/wp-content\/uploads\/2022\/11\/IMG_0904-copia-2012-10-27-Cotxera-Fuencarral-CMP.jpg 900w, https:\/\/agabus.eus\/wp-content\/uploads\/2022\/11\/IMG_0904-copia-2012-10-27-Cotxera-Fuencarral-CMP-300x133.jpg 300w, https:\/\/agabus.eus\/wp-content\/uploads\/2022\/11\/IMG_0904-copia-2012-10-27-Cotxera-Fuencarral-CMP-768x341.jpg 768w\" sizes=\"auto, (max-width: 900px) 100vw, 900px\" \/><p id=\"caption-attachment-286\" class=\"wp-caption-text\">Argazkia: Carlos Mart\u00ednez.<\/p><\/div>\n<p>Madrilgo EMTk bere museo propioa du, eta bertan autobus-unitate batzuk gordetzen ditu. Hainbat bisita eta jarduera egiten ditu, EMTren eta Autobusaren Lagunen Elkartearen laguntzarekin.<\/p>\n<p>Madrilgo EMTren autobus historikoen erakusketari buruzko erreportajea, 2016ko ekainaren 12an egina:<\/p>\n<p><iframe loading=\"lazy\" width=\"900\" height=\"506\" src=\"https:\/\/www.youtube.com\/embed\/tHkkv8KrIns\" title=\"YouTube video player\" frameborder=\"0\" allow=\"accelerometer; autoplay; clipboard-write; encrypted-media; gyroscope; picture-in-picture\" allowfullscreen><\/iframe><\/p>\n<p>Webgunea:\u00a0<a href=\"https:\/\/museo.emtmadrid.es\/\">https:\/\/museo.emtmadrid.es\/<\/a><\/p>\n<h6>TMB, Transports Metropolitans de Barcelona<\/h6>\n<div id=\"attachment_288\" style=\"width: 910px\" class=\"wp-caption alignnone\"><img loading=\"lazy\" decoding=\"async\" aria-describedby=\"caption-attachment-288\" src=\"http:\/\/dev.agabus.eus\/wp-content\/uploads\/2022\/11\/IMG_6868-copia-2018-05-12-BCN-Estacio-de-Sants-CMP.jpg\" alt=\"Argazkia: Carlos Mart\u00ednez.\" width=\"900\" height=\"600\" class=\"size-full wp-image-288\" srcset=\"https:\/\/agabus.eus\/wp-content\/uploads\/2022\/11\/IMG_6868-copia-2018-05-12-BCN-Estacio-de-Sants-CMP.jpg 900w, https:\/\/agabus.eus\/wp-content\/uploads\/2022\/11\/IMG_6868-copia-2018-05-12-BCN-Estacio-de-Sants-CMP-300x200.jpg 300w, https:\/\/agabus.eus\/wp-content\/uploads\/2022\/11\/IMG_6868-copia-2018-05-12-BCN-Estacio-de-Sants-CMP-768x512.jpg 768w, https:\/\/agabus.eus\/wp-content\/uploads\/2022\/11\/IMG_6868-copia-2018-05-12-BCN-Estacio-de-Sants-CMP-360x240.jpg 360w\" sizes=\"auto, (max-width: 900px) 100vw, 900px\" \/><p id=\"caption-attachment-288\" class=\"wp-caption-text\">Argazkia: Carlos Mart\u00ednez.<\/p><\/div>\n<p>TMBk, besteak beste, enpresaren ondare historikoa zaintzeaz arduratzen den fundazio bat du. Hainbat tranbia, trolebus eta autobus unitate ditu, eta horietako batzuk dagoeneko zaharberrituta daude, Ral\u00b7li d&#8217;Autobusos Cl\u00e0sics Barcelona-Caldes bezalako ekitaldietan parte hartzeko.<\/p>\n<p>Webgunea:\u00a0<a href=\"https:\/\/fundacio.tmb.cat\/es\/home\">https:\/\/fundacio.tmb.cat\/es\/home<\/a><\/p>\n<h6>Vitrasa<\/h6>\n<div id=\"attachment_290\" style=\"width: 910px\" class=\"wp-caption alignnone\"><img loading=\"lazy\" decoding=\"async\" aria-describedby=\"caption-attachment-290\" src=\"http:\/\/dev.agabus.eus\/wp-content\/uploads\/2022\/11\/45374109_1870996382953526_4204374701876707328_n-copia.jpg\" alt=\"Argazkia: Vitrasa.\" width=\"900\" height=\"506\" class=\"size-full wp-image-290\" srcset=\"https:\/\/agabus.eus\/wp-content\/uploads\/2022\/11\/45374109_1870996382953526_4204374701876707328_n-copia.jpg 900w, https:\/\/agabus.eus\/wp-content\/uploads\/2022\/11\/45374109_1870996382953526_4204374701876707328_n-copia-300x169.jpg 300w, https:\/\/agabus.eus\/wp-content\/uploads\/2022\/11\/45374109_1870996382953526_4204374701876707328_n-copia-768x432.jpg 768w\" sizes=\"auto, (max-width: 900px) 100vw, 900px\" \/><p id=\"caption-attachment-290\" class=\"wp-caption-text\">Argazkia: Vitrasa.<\/p><\/div>\n<p>Vitrasa Vigoko hiri-garraioa kudeatzen duen enpresa da, Avanza taldearen barruan. Pegaso Comet zahar bat du, zaharberritua, Kometa ezizenaz ezaguna, eta hainbat sustapen-jardueratarako erabiltzen dute; adibidez, 2019ko Gabonetan txartel-auto gisa erabili zen, Gabonetako argiztapenarekin kaleetan barrena ibiltzen ziren autobus turistikoetako txartelak saltzeko.<\/p>\n<p>Metropolitano Vigo-rako erreportajea, Vitrasaren Kometa Elektrikoari buruz:<\/p>\n<p><iframe loading=\"lazy\" width=\"900\" height=\"506\" src=\"https:\/\/www.youtube.com\/embed\/Uw7pAl35W9Q\" title=\"YouTube video player\" frameborder=\"0\" allow=\"accelerometer; autoplay; clipboard-write; encrypted-media; gyroscope; picture-in-picture\" allowfullscreen><\/iframe><\/p>\n<p>Webgunea:\u00a0<a href=\"https:\/\/www.vitrasa.es\/\">https:\/\/www.vitrasa.es\/<\/a><\/p>\n<h6>TC, Tranv\u00edas de la Coru\u00f1a<\/h6>\n<div id=\"attachment_291\" style=\"width: 910px\" class=\"wp-caption alignnone\"><img loading=\"lazy\" decoding=\"async\" aria-describedby=\"caption-attachment-291\" src=\"http:\/\/dev.agabus.eus\/wp-content\/uploads\/2022\/11\/SemMob2015-Bus-Obelisco-DDG-copia.jpg\" alt=\"Argazkia: Daniel D\u00edaz Grand\u00edo.\" width=\"900\" height=\"675\" class=\"size-full wp-image-291\" srcset=\"https:\/\/agabus.eus\/wp-content\/uploads\/2022\/11\/SemMob2015-Bus-Obelisco-DDG-copia.jpg 900w, https:\/\/agabus.eus\/wp-content\/uploads\/2022\/11\/SemMob2015-Bus-Obelisco-DDG-copia-300x225.jpg 300w, https:\/\/agabus.eus\/wp-content\/uploads\/2022\/11\/SemMob2015-Bus-Obelisco-DDG-copia-768x576.jpg 768w\" sizes=\"auto, (max-width: 900px) 100vw, 900px\" \/><p id=\"caption-attachment-291\" class=\"wp-caption-text\">Argazkia: Daniel D\u00edaz Grand\u00edo.<\/p><\/div>\n<p>Coru\u00f1ako Tranbia Konpainia arduratzen da A Coru\u00f1ako hiri-garraioa kudeatzeaz. Tranbia historikoen flota txiki bat izateaz gain, Pegaso Comet autobus zaharberritu bat ere badu, Mugikortasunaren Astea bezalako ekitaldietan sustapen-jardueraren bat egiteko.<\/p>\n<p>Webgunea:\u00a0<a href=\"https:\/\/tranviascoruna.com\/\">https:\/\/tranviascoruna.com\/<\/a><\/p>\n<h6>Empresa Municipal de Transportes Urbanos S.A. (EMTUSA) de Gij\u00f3n<\/h6>\n<div id=\"attachment_292\" style=\"width: 910px\" class=\"wp-caption alignnone\"><img loading=\"lazy\" decoding=\"async\" aria-describedby=\"caption-attachment-292\" src=\"http:\/\/dev.agabus.eus\/wp-content\/uploads\/2022\/11\/IMG_4918-copia-2019-07-25-Cotxera-CMP.jpg\" alt=\"Argazkia: Carlos Mart\u00ednez.\" width=\"900\" height=\"600\" class=\"size-full wp-image-292\" srcset=\"https:\/\/agabus.eus\/wp-content\/uploads\/2022\/11\/IMG_4918-copia-2019-07-25-Cotxera-CMP.jpg 900w, https:\/\/agabus.eus\/wp-content\/uploads\/2022\/11\/IMG_4918-copia-2019-07-25-Cotxera-CMP-300x200.jpg 300w, https:\/\/agabus.eus\/wp-content\/uploads\/2022\/11\/IMG_4918-copia-2019-07-25-Cotxera-CMP-768x512.jpg 768w, https:\/\/agabus.eus\/wp-content\/uploads\/2022\/11\/IMG_4918-copia-2019-07-25-Cotxera-CMP-360x240.jpg 360w\" sizes=\"auto, (max-width: 900px) 100vw, 900px\" \/><p id=\"caption-attachment-292\" class=\"wp-caption-text\">Argazkia: Carlos Mart\u00ednez.<\/p><\/div>\n<p>EMTUSA Gijongo hiri-garraioaren kudeaketaz arduratzen den enpresa da, eta bere flotaren artean duela urte gutxi batzuk bere tailerretan zaharberritutako unitate bat dauka. 6035A pegasoa da, &#8220;Pegas\u00edn&#8221; ezizenez ezaguna, eta enpresaren beraren sustapen-jarduerak egiten ditu.<\/p>\n<p>Youtubeko El Rinc\u00f3n Pr\u00e1ctica kanalerako egindako Pegas\u00edn autoreari buruzko erreportajea:<\/p>\n<p><iframe loading=\"lazy\" width=\"900\" height=\"506\" src=\"https:\/\/www.youtube.com\/embed\/U09rbw_n8is\" title=\"YouTube video player\" frameborder=\"0\" allow=\"accelerometer; autoplay; clipboard-write; encrypted-media; gyroscope; picture-in-picture\" allowfullscreen><\/iframe><\/p>\n<p>Webgunea:\u00a0<a href=\"https:\/\/www.gijon.es\/es\/directorio\/emtusa-empresa-municipal-de-transportes-urbanos-sa\">https:\/\/www.gijon.es\/es\/directorio\/emtusa-empresa-municipal-de-transportes-urbanos-sa<\/a><\/p>\n<h6>Alsa<\/h6>\n<div id=\"attachment_294\" style=\"width: 910px\" class=\"wp-caption alignnone\"><img loading=\"lazy\" decoding=\"async\" aria-describedby=\"caption-attachment-294\" src=\"http:\/\/dev.agabus.eus\/wp-content\/uploads\/2022\/11\/2011-03-20-CMP-497-copia-2011-03-20-Sta.Perpetua-Pg.de-La-Florida-Cami-de-la-Granja-CMP.jpg\" alt=\"Argazkia: Carlos Mart\u00ednez.\" width=\"900\" height=\"600\" class=\"size-full wp-image-294\" srcset=\"https:\/\/agabus.eus\/wp-content\/uploads\/2022\/11\/2011-03-20-CMP-497-copia-2011-03-20-Sta.Perpetua-Pg.de-La-Florida-Cami-de-la-Granja-CMP.jpg 900w, https:\/\/agabus.eus\/wp-content\/uploads\/2022\/11\/2011-03-20-CMP-497-copia-2011-03-20-Sta.Perpetua-Pg.de-La-Florida-Cami-de-la-Granja-CMP-300x200.jpg 300w, https:\/\/agabus.eus\/wp-content\/uploads\/2022\/11\/2011-03-20-CMP-497-copia-2011-03-20-Sta.Perpetua-Pg.de-La-Florida-Cami-de-la-Granja-CMP-768x512.jpg 768w, https:\/\/agabus.eus\/wp-content\/uploads\/2022\/11\/2011-03-20-CMP-497-copia-2011-03-20-Sta.Perpetua-Pg.de-La-Florida-Cami-de-la-Granja-CMP-360x240.jpg 360w\" sizes=\"auto, (max-width: 900px) 100vw, 900px\" \/><p id=\"caption-attachment-294\" class=\"wp-caption-text\">Argazkia: Carlos Mart\u00ednez.<\/p><\/div>\n<p>Asturiasko multinazionalak ibilgailu historikoen bilduma zabala du, eta horietako batzuek Ral\u00b7li d&#8217;Autobusos Cl\u00e0ssics Barcelona-Caldes bezalako ekitaldietan edo hainbat filmetako filmaketetan parte hartu dute. ALSAren flota historikoa doitzean, konpainiak berak ematen dituen karrozeriako prestakuntza-zikloetako ikasleek parte hartzen dute.<\/p>\n<p>Webgunea:\u00a0<a href=\"https:\/\/www.alsa.es\/\">https:\/\/www.alsa.es\/<\/a><\/p>\n<h6>Autocares Cui\u00f1a<\/h6>\n<div id=\"attachment_295\" style=\"width: 910px\" class=\"wp-caption alignnone\"><img loading=\"lazy\" decoding=\"async\" aria-describedby=\"caption-attachment-295\" src=\"http:\/\/dev.agabus.eus\/wp-content\/uploads\/2022\/11\/CUINA-62-2018-02-03-PO6586O-Cotxera-Silleda-CMP-10.jpg\" alt=\"Argazkia: Carlos Mart\u00ednez.\" width=\"900\" height=\"375\" class=\"size-full wp-image-295\" srcset=\"https:\/\/agabus.eus\/wp-content\/uploads\/2022\/11\/CUINA-62-2018-02-03-PO6586O-Cotxera-Silleda-CMP-10.jpg 900w, https:\/\/agabus.eus\/wp-content\/uploads\/2022\/11\/CUINA-62-2018-02-03-PO6586O-Cotxera-Silleda-CMP-10-300x125.jpg 300w, https:\/\/agabus.eus\/wp-content\/uploads\/2022\/11\/CUINA-62-2018-02-03-PO6586O-Cotxera-Silleda-CMP-10-768x320.jpg 768w\" sizes=\"auto, (max-width: 900px) 100vw, 900px\" \/><p id=\"caption-attachment-295\" class=\"wp-caption-text\">Argazkia: Carlos Mart\u00ednez.<\/p><\/div>\n<p>Pontevedrako Silleda herrian kokatutako enpresa galiziar honek autobus klasikoen bilduma zabala duen museo txiki bat dauka, bere instalazioetan zaharberrituak. Ibilgailu horiek filmaketa askotan parte hartu dute, baita hainbat ekitaldi publikotan ere, hala nola azoketan eta topaketetan, edo familiarragoetan, hala nola ezkontzetan edo jaunartzeetan.<\/p>\n<p>Webgunea:\u00a0<a href=\"http:\/\/autocarescuina.com\/v\/Autocares\/Autocares-Cui%C3%B1a\/Servicios\/Sin_Marca\/Veh%C3%ADculos%20Hist%C3%B3ricos\/70.aspx\">http:\/\/autocarescuina.com\/v\/Autocares\/Autocares-Cui%C3%B1a\/Servicios\/Sin_Marca\/Veh%C3%ADculos%20Hist%C3%B3ricos\/70.aspx<\/a><\/p>\n<h6>Sagal\u00e9s<\/h6>\n<div id=\"attachment_296\" style=\"width: 910px\" class=\"wp-caption alignnone\"><img loading=\"lazy\" decoding=\"async\" aria-describedby=\"caption-attachment-296\" src=\"http:\/\/dev.agabus.eus\/wp-content\/uploads\/2022\/11\/IMG_8988-copia-2019-06-09-Montcada-Pla-de-Matabous-Torrent-de-Can-Payas-CMP.jpg\" alt=\"Argazkia: Carlos Mart\u00ednez.\" width=\"900\" height=\"540\" class=\"size-full wp-image-296\" srcset=\"https:\/\/agabus.eus\/wp-content\/uploads\/2022\/11\/IMG_8988-copia-2019-06-09-Montcada-Pla-de-Matabous-Torrent-de-Can-Payas-CMP.jpg 900w, https:\/\/agabus.eus\/wp-content\/uploads\/2022\/11\/IMG_8988-copia-2019-06-09-Montcada-Pla-de-Matabous-Torrent-de-Can-Payas-CMP-300x180.jpg 300w, https:\/\/agabus.eus\/wp-content\/uploads\/2022\/11\/IMG_8988-copia-2019-06-09-Montcada-Pla-de-Matabous-Torrent-de-Can-Payas-CMP-768x461.jpg 768w\" sizes=\"auto, (max-width: 900px) 100vw, 900px\" \/><p id=\"caption-attachment-296\" class=\"wp-caption-text\">Argazkia: Carlos Mart\u00ednez.<\/p><\/div>\n<p>Kataluniako bidaiarien garraioaren sektoreko enpresarik zaharrenetako batek ibilgailu historikoen bilduma nabarmena du, 100 urteko antzinatasunera hurbiltzen diren aleak biltzen dituena; beste modernoago batzuk ere baditu, PitufoBus atsegina (Setra Seida S10 marrazki bizidun ezagunen irudiarekin birmoldatua) edo JoviBus (Jovi enpresa ezagunak haur-hezkuntzarako produktuei buruz erabiltzen duen eskola-autobus amerikar tipikoa) bezalako ibilgailu bitxietatik pasatuz.<\/p>\n<p>Ibilgailu horien zati bat Caldes de Montbui autobus geltokitik oso gertu dagoen konpainiaren eraikin zahar batean instalatutako erakusketa iraunkor batean ikus daiteke.<\/p>\n<p>Webgunea:\u00a0<a href=\"https:\/\/www.sagales.com\/es\/noticia\/categoria\/21\/vehiculos-clasicos\">https:\/\/www.sagales.com\/es\/noticia\/categoria\/21\/vehiculos-clasicos<\/a><\/p>","protected":false},"excerpt":{"rendered":"<p>Espainiar estatuan, oro har, ez dago sentsibilitate edo kultura handirik industria-ondarearekiko, eta bereziki, industria-ibilgailuekiko. Automobilei eta motorrei dagokienez, zaletasun sendoa eta gero eta handiagoa dago, eta kontserbazio-kultura eta balioa nabarmentzeko kultura dago (hainbat jarduera egitea, hala nola rallyak, kontzentrazioak, erakusketak eta abar, elkarteek, klubek, enpresek eta, askotan, erakunde publiko zein [&hellip;]<\/p>\n","protected":false},"author":2,"featured_media":0,"parent":67,"menu_order":0,"comment_status":"closed","ping_status":"closed","template":"","meta":{"footnotes":""},"class_list":["post-270","page","type-page","status-publish","hentry"],"_links":{"self":[{"href":"https:\/\/agabus.eus\/eu\/wp-json\/wp\/v2\/pages\/270","targetHints":{"allow":["GET"]}}],"collection":[{"href":"https:\/\/agabus.eus\/eu\/wp-json\/wp\/v2\/pages"}],"about":[{"href":"https:\/\/agabus.eus\/eu\/wp-json\/wp\/v2\/types\/page"}],"author":[{"embeddable":true,"href":"https:\/\/agabus.eus\/eu\/wp-json\/wp\/v2\/users\/2"}],"replies":[{"embeddable":true,"href":"https:\/\/agabus.eus\/eu\/wp-json\/wp\/v2\/comments?post=270"}],"version-history":[{"count":25,"href":"https:\/\/agabus.eus\/eu\/wp-json\/wp\/v2\/pages\/270\/revisions"}],"predecessor-version":[{"id":441,"href":"https:\/\/agabus.eus\/eu\/wp-json\/wp\/v2\/pages\/270\/revisions\/441"}],"up":[{"embeddable":true,"href":"https:\/\/agabus.eus\/eu\/wp-json\/wp\/v2\/pages\/67"}],"wp:attachment":[{"href":"https:\/\/agabus.eus\/eu\/wp-json\/wp\/v2\/media?parent=270"}],"curies":[{"name":"wp","href":"https:\/\/api.w.org\/{rel}","templated":true}]}}