{"id":77,"date":"2021-12-07T22:54:20","date_gmt":"2021-12-07T20:54:20","guid":{"rendered":"http:\/\/dev.agabus.eus\/?page_id=77"},"modified":"2025-03-02T20:44:34","modified_gmt":"2025-03-02T18:44:34","slug":"hazte-socio","status":"publish","type":"page","link":"https:\/\/agabus.eus\/es\/hazte-socio\/","title":{"rendered":"Hazte socio"},"content":{"rendered":"<p><img loading=\"lazy\" decoding=\"async\" src=\"https:\/\/agabus.eus\/wp-content\/uploads\/2024\/03\/IMG-20240322-WA0085-819x1024.jpg\" alt=\"\" width=\"350\" height=\"438\" class=\"alignleft wp-image-513\" srcset=\"https:\/\/agabus.eus\/wp-content\/uploads\/2024\/03\/IMG-20240322-WA0085-819x1024.jpg 819w, https:\/\/agabus.eus\/wp-content\/uploads\/2024\/03\/IMG-20240322-WA0085-240x300.jpg 240w, https:\/\/agabus.eus\/wp-content\/uploads\/2024\/03\/IMG-20240322-WA0085-768x960.jpg 768w, https:\/\/agabus.eus\/wp-content\/uploads\/2024\/03\/IMG-20240322-WA0085.jpg 1080w\" sizes=\"auto, (max-width: 350px) 100vw, 350px\" \/>AGABUS es la Asociaci\u00f3n Guipuzcoana de Amigos del Autob\u00fas, los socios compartimos una misma afici\u00f3n: la preservaci\u00f3n de material hist\u00f3rico (documentaci\u00f3n, fotograf\u00edas, etc&#8230;).<\/p>\n<p>Actualmente disponemos de un Mercedes Benz O 405, carrozado por Burillo. Nuestro primer objetivo es su restauraci\u00f3n.<\/p>\n<p>\u00bfQuieres formar parte de este proyecto? \u00a1\u00a1Hazte socio!!<\/p>\n<p>&nbsp;<\/p>\n<ul>\n<li><a href=\"https:\/\/agabus.eus\/wp-content\/uploads\/2024\/03\/Formulario-socio-AGABUS.pdf\"><span>Descarga el formulario de inscripci\u00f3n<\/span><\/a><\/li>\n<li><a href=\"https:\/\/docs.google.com\/forms\/d\/e\/1FAIpQLScC_IGBCFN065jip_L6zRGnC6CY25CkzlqWUBDBigOopFvQtQ\/viewform?usp=dialog\"><span>Formulario de inscripci\u00f3n on-line<\/span><\/a><\/li>\n<\/ul>\n<p><\/p>","protected":false},"excerpt":{"rendered":"<p>AGABUS es la Asociaci\u00f3n Guipuzcoana de Amigos del Autob\u00fas, los socios compartimos una misma afici\u00f3n: la preservaci\u00f3n de material hist\u00f3rico (documentaci\u00f3n, fotograf\u00edas, etc&#8230;). Actualmente disponemos de un Mercedes Benz O 405, carrozado por Burillo. Nuestro primer objetivo es su restauraci\u00f3n. \u00bfQuieres formar parte de este proyecto? \u00a1\u00a1Hazte socio!! &nbsp; Descarga [&hellip;]<\/p>\n","protected":false},"author":1,"featured_media":0,"parent":0,"menu_order":0,"comment_status":"closed","ping_status":"closed","template":"","meta":{"footnotes":""},"class_list":["post-77","page","type-page","status-publish","hentry"],"_links":{"self":[{"href":"https:\/\/agabus.eus\/es\/wp-json\/wp\/v2\/pages\/77","targetHints":{"allow":["GET"]}}],"collection":[{"href":"https:\/\/agabus.eus\/es\/wp-json\/wp\/v2\/pages"}],"about":[{"href":"https:\/\/agabus.eus\/es\/wp-json\/wp\/v2\/types\/page"}],"author":[{"embeddable":true,"href":"https:\/\/agabus.eus\/es\/wp-json\/wp\/v2\/users\/1"}],"replies":[{"embeddable":true,"href":"https:\/\/agabus.eus\/es\/wp-json\/wp\/v2\/comments?post=77"}],"version-history":[{"count":17,"href":"https:\/\/agabus.eus\/es\/wp-json\/wp\/v2\/pages\/77\/revisions"}],"predecessor-version":[{"id":531,"href":"https:\/\/agabus.eus\/es\/wp-json\/wp\/v2\/pages\/77\/revisions\/531"}],"wp:attachment":[{"href":"https:\/\/agabus.eus\/es\/wp-json\/wp\/v2\/media?parent=77"}],"curies":[{"name":"wp","href":"https:\/\/api.w.org\/{rel}","templated":true}]}}