{"id":67,"date":"2021-12-07T20:27:02","date_gmt":"2021-12-07T18:27:02","guid":{"rendered":"http:\/\/dev.agabus.eus\/?page_id=67"},"modified":"2023-02-09T12:49:14","modified_gmt":"2023-02-09T10:49:14","slug":"somos-agabus","status":"publish","type":"page","link":"https:\/\/agabus.eus\/es\/somos-agabus\/","title":{"rendered":"Somos AGABUS"},"content":{"rendered":"<p><img loading=\"lazy\" decoding=\"async\" src=\"http:\/\/dev.agabus.eus\/wp-content\/uploads\/2022\/11\/IMG_0651-copia.jpg\" alt=\"\" width=\"900\" height=\"600\" class=\"alignnone size-full wp-image-359\" srcset=\"https:\/\/agabus.eus\/wp-content\/uploads\/2022\/11\/IMG_0651-copia.jpg 900w, https:\/\/agabus.eus\/wp-content\/uploads\/2022\/11\/IMG_0651-copia-300x200.jpg 300w, https:\/\/agabus.eus\/wp-content\/uploads\/2022\/11\/IMG_0651-copia-768x512.jpg 768w, https:\/\/agabus.eus\/wp-content\/uploads\/2022\/11\/IMG_0651-copia-360x240.jpg 360w\" sizes=\"auto, (max-width: 900px) 100vw, 900px\" \/><\/p>\n<p>AGABUS es la Asociaci\u00f3n Guipuzcoana de Amigos del Autob\u00fas y est\u00e1 formada por varios amigos que compartimos una misma afici\u00f3n: el transporte de viajeros en Gipuzkoa y de una manera especial, los autobuses urbanos y discrecionales y su historia.<\/p>\n<p>Nuestro principal cometido es la preservaci\u00f3n de autobuses hist\u00f3ricos y la historia de los mismos en el territorio mediante documentaci\u00f3n, fotograf\u00edas, etc. Adem\u00e1s, AGABUS es un punto de encuentro y una organizaci\u00f3n referente para los aficionados y, sobre todo, para dar a conocer a los guipuzcoanos la historia del transporte p\u00fablico motorizado desde sus or\u00edgenes: ferrocarriles, tranv\u00edas, trolebuses y sobre todo autobuses urbanos y discrecionales.<\/p>\n<p>AGABUS y sus asociados agradecen de antemano las donaciones recibidas por parte de particulares y empresas vinculadas al sector, tanto en activo como ya extinguidas, que han sido fundamentales en la historia de la movilidad y el transporte p\u00fablico en Gipuzkoa.<\/p>\n<p>AGABUS tambi\u00e9n quiere realizar un agradecimiento expreso a la familia de Jokin Larra\u00f1aga, socio fallecido en 2021, que ha tenido a bien donar a la asociaci\u00f3n una gran cantidad de material, documentaci\u00f3n y fotograf\u00edas que Jokin coleccionaba desde su infancia. Su donaci\u00f3n ha resultado fundamental para nuestra puesta en marcha.<\/p>","protected":false},"excerpt":{"rendered":"<p>AGABUS es la Asociaci\u00f3n Guipuzcoana de Amigos del Autob\u00fas y est\u00e1 formada por varios amigos que compartimos una misma afici\u00f3n: el transporte de viajeros en Gipuzkoa y de una manera especial, los autobuses urbanos y discrecionales y su historia. Nuestro principal cometido es la preservaci\u00f3n de autobuses hist\u00f3ricos y la [&hellip;]<\/p>\n","protected":false},"author":1,"featured_media":0,"parent":0,"menu_order":0,"comment_status":"closed","ping_status":"closed","template":"","meta":{"footnotes":""},"class_list":["post-67","page","type-page","status-publish","hentry"],"_links":{"self":[{"href":"https:\/\/agabus.eus\/es\/wp-json\/wp\/v2\/pages\/67","targetHints":{"allow":["GET"]}}],"collection":[{"href":"https:\/\/agabus.eus\/es\/wp-json\/wp\/v2\/pages"}],"about":[{"href":"https:\/\/agabus.eus\/es\/wp-json\/wp\/v2\/types\/page"}],"author":[{"embeddable":true,"href":"https:\/\/agabus.eus\/es\/wp-json\/wp\/v2\/users\/1"}],"replies":[{"embeddable":true,"href":"https:\/\/agabus.eus\/es\/wp-json\/wp\/v2\/comments?post=67"}],"version-history":[{"count":13,"href":"https:\/\/agabus.eus\/es\/wp-json\/wp\/v2\/pages\/67\/revisions"}],"predecessor-version":[{"id":439,"href":"https:\/\/agabus.eus\/es\/wp-json\/wp\/v2\/pages\/67\/revisions\/439"}],"wp:attachment":[{"href":"https:\/\/agabus.eus\/es\/wp-json\/wp\/v2\/media?parent=67"}],"curies":[{"name":"wp","href":"https:\/\/api.w.org\/{rel}","templated":true}]}}