{"id":329,"date":"2022-11-24T13:08:12","date_gmt":"2022-11-24T11:08:12","guid":{"rendered":"http:\/\/dev.agabus.eus\/?page_id=329"},"modified":"2023-02-09T12:54:43","modified_gmt":"2023-02-09T10:54:43","slug":"actividades","status":"publish","type":"page","link":"https:\/\/agabus.eus\/es\/somos-agabus\/actividades\/","title":{"rendered":"Actividades"},"content":{"rendered":"<p><div id=\"attachment_265\" style=\"width: 910px\" class=\"wp-caption alignnone\"><img loading=\"lazy\" decoding=\"async\" aria-describedby=\"caption-attachment-265\" src=\"http:\/\/dev.agabus.eus\/wp-content\/uploads\/2022\/11\/Captura_WEB.jpg\" alt=\"Foto: Sergio Ib\u00e1\u00f1ez.\" width=\"900\" height=\"675\" class=\"wp-image-265 size-full\" title=\"Foto: Sergio Ib\u00e1\u00f1ez.\" srcset=\"https:\/\/agabus.eus\/wp-content\/uploads\/2022\/11\/Captura_WEB.jpg 900w, https:\/\/agabus.eus\/wp-content\/uploads\/2022\/11\/Captura_WEB-300x225.jpg 300w, https:\/\/agabus.eus\/wp-content\/uploads\/2022\/11\/Captura_WEB-768x576.jpg 768w\" sizes=\"auto, (max-width: 900px) 100vw, 900px\" \/><p id=\"caption-attachment-265\" class=\"wp-caption-text\">Foto: Sergio Ib\u00e1\u00f1ez.<\/p><\/div><\/p>\n<p>Gracias al acuerdo de colaboraci\u00f3n establecido entre la CTSS y AGABUS, durante estos a\u00f1os hemos podido realizar diversas actividades. Entre ellas, caben destacar las siguientes:<\/p>\n<ul>\n<li>Colaboraci\u00f3n en la exposici\u00f3n en Alderdi Eder con motivo del 125 aniversario de la CTSS.<\/li>\n<li>Colaboraci\u00f3n en la organizaci\u00f3n del evento festivo dedicado a las familias con motivo del 130 aniversario de la CTSS.<\/li>\n<li>Colaboraci\u00f3n en la realizaci\u00f3n de la exposici\u00f3n en la Casa de Cultura de Aiete con motivo del 133 aniversario de la CTSS, que cont\u00f3 adem\u00e1s con la donaci\u00f3n a t\u00edtulo individual de diverso material por parte de algunos socios.<\/li>\n<li>Colaboraci\u00f3n con el departamento de Marketing y Comunicaci\u00f3n en la preparaci\u00f3n de autobuses para la cabalgata de los Reyes Magos en diferentes ediciones.<\/li>\n<li>Colaboraci\u00f3n en peque\u00f1as tareas de mantenimiento y limpieza de los dos autobuses hist\u00f3ricos a lo largo de estos a\u00f1os.<\/li>\n<\/ul>\n<p>&nbsp;<\/p>\n<div id=\"attachment_266\" style=\"width: 910px\" class=\"wp-caption alignnone\"><img loading=\"lazy\" decoding=\"async\" aria-describedby=\"caption-attachment-266\" src=\"http:\/\/dev.agabus.eus\/wp-content\/uploads\/2022\/11\/Captura2_web.jpg\" alt=\"Foto: Carmen Tarrazo Izquierdo.\" width=\"900\" height=\"698\" class=\"wp-image-266 size-full\" title=\"Foto: Carmen Tarrazo Izquierdo.\" srcset=\"https:\/\/agabus.eus\/wp-content\/uploads\/2022\/11\/Captura2_web.jpg 900w, https:\/\/agabus.eus\/wp-content\/uploads\/2022\/11\/Captura2_web-300x233.jpg 300w, https:\/\/agabus.eus\/wp-content\/uploads\/2022\/11\/Captura2_web-768x596.jpg 768w\" sizes=\"auto, (max-width: 900px) 100vw, 900px\" \/><p id=\"caption-attachment-266\" class=\"wp-caption-text\">Foto: Carmen Tarrazo Izquierdo.<\/p><\/div>\n<p>&nbsp;<\/p>","protected":false},"excerpt":{"rendered":"<p>Gracias al acuerdo de colaboraci\u00f3n establecido entre la CTSS y AGABUS, durante estos a\u00f1os hemos podido realizar diversas actividades. Entre ellas, caben destacar las siguientes: Colaboraci\u00f3n en la exposici\u00f3n en Alderdi Eder con motivo del 125 aniversario de la CTSS. Colaboraci\u00f3n en la organizaci\u00f3n del evento festivo dedicado a las [&hellip;]<\/p>\n","protected":false},"author":2,"featured_media":0,"parent":67,"menu_order":0,"comment_status":"closed","ping_status":"closed","template":"","meta":{"footnotes":""},"class_list":["post-329","page","type-page","status-publish","hentry"],"_links":{"self":[{"href":"https:\/\/agabus.eus\/es\/wp-json\/wp\/v2\/pages\/329","targetHints":{"allow":["GET"]}}],"collection":[{"href":"https:\/\/agabus.eus\/es\/wp-json\/wp\/v2\/pages"}],"about":[{"href":"https:\/\/agabus.eus\/es\/wp-json\/wp\/v2\/types\/page"}],"author":[{"embeddable":true,"href":"https:\/\/agabus.eus\/es\/wp-json\/wp\/v2\/users\/2"}],"replies":[{"embeddable":true,"href":"https:\/\/agabus.eus\/es\/wp-json\/wp\/v2\/comments?post=329"}],"version-history":[{"count":4,"href":"https:\/\/agabus.eus\/es\/wp-json\/wp\/v2\/pages\/329\/revisions"}],"predecessor-version":[{"id":440,"href":"https:\/\/agabus.eus\/es\/wp-json\/wp\/v2\/pages\/329\/revisions\/440"}],"up":[{"embeddable":true,"href":"https:\/\/agabus.eus\/es\/wp-json\/wp\/v2\/pages\/67"}],"wp:attachment":[{"href":"https:\/\/agabus.eus\/es\/wp-json\/wp\/v2\/media?parent=329"}],"curies":[{"name":"wp","href":"https:\/\/api.w.org\/{rel}","templated":true}]}}