{"id":77,"date":"2021-12-07T22:54:20","date_gmt":"2021-12-07T20:54:20","guid":{"rendered":"http:\/\/dev.agabus.eus\/?page_id=77"},"modified":"2025-03-02T20:44:34","modified_gmt":"2025-03-02T18:44:34","slug":"hazte-socio","status":"publish","type":"page","link":"https:\/\/agabus.eus\/ca\/hazte-socio\/","title":{"rendered":"Fes-te soci"},"content":{"rendered":"<p><img loading=\"lazy\" decoding=\"async\" src=\"https:\/\/agabus.eus\/wp-content\/uploads\/2024\/03\/IMG-20240322-WA0085-819x1024.jpg\" alt=\"\" width=\"350\" height=\"438\" class=\"alignleft wp-image-513\" srcset=\"https:\/\/agabus.eus\/wp-content\/uploads\/2024\/03\/IMG-20240322-WA0085-819x1024.jpg 819w, https:\/\/agabus.eus\/wp-content\/uploads\/2024\/03\/IMG-20240322-WA0085-240x300.jpg 240w, https:\/\/agabus.eus\/wp-content\/uploads\/2024\/03\/IMG-20240322-WA0085-768x960.jpg 768w, https:\/\/agabus.eus\/wp-content\/uploads\/2024\/03\/IMG-20240322-WA0085.jpg 1080w\" sizes=\"auto, (max-width: 350px) 100vw, 350px\" \/>AGABUS \u00e9s l&#8217;Associaci\u00f3 Guipuscoana d&#8217;Amics de l&#8217;Autobus, els socis compartim una mateixa afici\u00f3: la preservaci\u00f3 de material hist\u00f2ric (documentaci\u00f3, fotografies, etc&#8230;).<\/p>\n<p>Actualment disposem d&#8217;un Mercedes Benz O 405, carrossat per Burillo. El nostre primer objectiu \u00e9s la seua restauraci\u00f3.<\/p>\n<p>Vols formar part d&#8217;aquest projecte? \u00a1\u00a1Fes-te soci!!<\/p>\n<p>&nbsp;<\/p>\n<ul>\n<li><a href=\"https:\/\/agabus.eus\/wp-content\/uploads\/2024\/03\/Formulario-socio-AGABUS.pdf\"><span>Descarrega el formulari d&#8217;inscripci\u00f3 com a soci<\/span><\/a><\/li>\n<li><a href=\"https:\/\/docs.google.com\/forms\/d\/e\/1FAIpQLScC_IGBCFN065jip_L6zRGnC6CY25CkzlqWUBDBigOopFvQtQ\/viewform?usp=dialog\"><span>Formulari on-line d&#8217;inscripci\u00f3 com a soci<\/span><\/a><\/li>\n<\/ul>\n<p><\/p>","protected":false},"excerpt":{"rendered":"<p>AGABUS \u00e9s l&#8217;Associaci\u00f3 Guipuscoana d&#8217;Amics de l&#8217;Autobus, els socis compartim una mateixa afici\u00f3: la preservaci\u00f3 de material hist\u00f2ric (documentaci\u00f3, fotografies, etc&#8230;). Actualment disposem d&#8217;un Mercedes Benz O 405, carrossat per Burillo. El nostre primer objectiu \u00e9s la seua restauraci\u00f3. Vols formar part d&#8217;aquest projecte? \u00a1\u00a1Fes-te soci!! &nbsp; Descarrega el formulari [&hellip;]<\/p>\n","protected":false},"author":1,"featured_media":0,"parent":0,"menu_order":0,"comment_status":"closed","ping_status":"closed","template":"","meta":{"footnotes":""},"class_list":["post-77","page","type-page","status-publish","hentry"],"_links":{"self":[{"href":"https:\/\/agabus.eus\/ca\/wp-json\/wp\/v2\/pages\/77","targetHints":{"allow":["GET"]}}],"collection":[{"href":"https:\/\/agabus.eus\/ca\/wp-json\/wp\/v2\/pages"}],"about":[{"href":"https:\/\/agabus.eus\/ca\/wp-json\/wp\/v2\/types\/page"}],"author":[{"embeddable":true,"href":"https:\/\/agabus.eus\/ca\/wp-json\/wp\/v2\/users\/1"}],"replies":[{"embeddable":true,"href":"https:\/\/agabus.eus\/ca\/wp-json\/wp\/v2\/comments?post=77"}],"version-history":[{"count":17,"href":"https:\/\/agabus.eus\/ca\/wp-json\/wp\/v2\/pages\/77\/revisions"}],"predecessor-version":[{"id":531,"href":"https:\/\/agabus.eus\/ca\/wp-json\/wp\/v2\/pages\/77\/revisions\/531"}],"wp:attachment":[{"href":"https:\/\/agabus.eus\/ca\/wp-json\/wp\/v2\/media?parent=77"}],"curies":[{"name":"wp","href":"https:\/\/api.w.org\/{rel}","templated":true}]}}