{"id":67,"date":"2021-12-07T20:27:02","date_gmt":"2021-12-07T18:27:02","guid":{"rendered":"http:\/\/dev.agabus.eus\/?page_id=67"},"modified":"2023-02-09T12:49:14","modified_gmt":"2023-02-09T10:49:14","slug":"somos-agabus","status":"publish","type":"page","link":"https:\/\/agabus.eus\/ca\/somos-agabus\/","title":{"rendered":"Som AGABUS"},"content":{"rendered":"<p><img loading=\"lazy\" decoding=\"async\" src=\"http:\/\/dev.agabus.eus\/wp-content\/uploads\/2022\/11\/IMG_0651-copia.jpg\" alt=\"\" width=\"900\" height=\"600\" class=\"alignnone size-full wp-image-359\" srcset=\"https:\/\/agabus.eus\/wp-content\/uploads\/2022\/11\/IMG_0651-copia.jpg 900w, https:\/\/agabus.eus\/wp-content\/uploads\/2022\/11\/IMG_0651-copia-300x200.jpg 300w, https:\/\/agabus.eus\/wp-content\/uploads\/2022\/11\/IMG_0651-copia-768x512.jpg 768w, https:\/\/agabus.eus\/wp-content\/uploads\/2022\/11\/IMG_0651-copia-360x240.jpg 360w\" sizes=\"auto, (max-width: 900px) 100vw, 900px\" \/><\/p>\n<p>AGABUS \u00e9s la Associaci\u00f3 Guipuscoana d&#8217;Amics de l&#8217;Autob\u00fas (Asociaci\u00f3n Guipuzcoana de Amigos del Autob\u00fas) i est\u00e0 formada per diversos amics que compartim una mateixa afici\u00f3: el transport de viatgers a Gipuzkoa i d&#8217;una manera especial, els autobusos urbans i discrecionals i la seva hist\u00f2ria.<\/p>\n<p>La nostra missi\u00f3 principal \u00e9s la preservaci\u00f3 d&#8217;autobusos hist\u00f2rics i la seua hist\u00f2ria mitjan\u00e7ant documentaci\u00f3, fotografies, etc. A m\u00e9s, AGABUS \u00e9s un punt de trobada i una organitzaci\u00f3 referent per als aficionats i, sobre tot, per donar a con\u00e8ixer als guipuscoans la hist\u00f2ria del transport p\u00fablic motoritzat des dels seus or\u00edgens: ferrocarrils, tramvies, troleibusos i sobretot autobusos urbans i discrecionals.<\/p>\n<p>AGABUS i els seus associats agraeixen per endavant les donacions rebudes per part de particulars i empreses vinculades al sector, tant en actiu com ja extingides, que han sigut fonamentals a la hist\u00f2ria de la mobilitat i el transport p\u00fablic a Gipuzkoa.<\/p>\n<p>AGABUS tamb\u00e9 vol realitzar un agra\u00efment expr\u00e9s a la fam\u00edlia de Jokin Larra\u00f1aga, soci de l&#8217;entitat mort l&#8217;any 2021, que ha tingut en consideraci\u00f3 donar a l&#8217;associaci\u00f3 una gran quantitat de material, documentaci\u00f3 i fotografies que Jokin coleccionava des de la seua infantesa. La seua donaci\u00f3 ha resultat fonamental per la nostra arrencada.<\/p>","protected":false},"excerpt":{"rendered":"<p>AGABUS \u00e9s la Associaci\u00f3 Guipuscoana d&#8217;Amics de l&#8217;Autob\u00fas (Asociaci\u00f3n Guipuzcoana de Amigos del Autob\u00fas) i est\u00e0 formada per diversos amics que compartim una mateixa afici\u00f3: el transport de viatgers a Gipuzkoa i d&#8217;una manera especial, els autobusos urbans i discrecionals i la seva hist\u00f2ria. La nostra missi\u00f3 principal \u00e9s la [&hellip;]<\/p>\n","protected":false},"author":1,"featured_media":0,"parent":0,"menu_order":0,"comment_status":"closed","ping_status":"closed","template":"","meta":{"footnotes":""},"class_list":["post-67","page","type-page","status-publish","hentry"],"_links":{"self":[{"href":"https:\/\/agabus.eus\/ca\/wp-json\/wp\/v2\/pages\/67","targetHints":{"allow":["GET"]}}],"collection":[{"href":"https:\/\/agabus.eus\/ca\/wp-json\/wp\/v2\/pages"}],"about":[{"href":"https:\/\/agabus.eus\/ca\/wp-json\/wp\/v2\/types\/page"}],"author":[{"embeddable":true,"href":"https:\/\/agabus.eus\/ca\/wp-json\/wp\/v2\/users\/1"}],"replies":[{"embeddable":true,"href":"https:\/\/agabus.eus\/ca\/wp-json\/wp\/v2\/comments?post=67"}],"version-history":[{"count":13,"href":"https:\/\/agabus.eus\/ca\/wp-json\/wp\/v2\/pages\/67\/revisions"}],"predecessor-version":[{"id":439,"href":"https:\/\/agabus.eus\/ca\/wp-json\/wp\/v2\/pages\/67\/revisions\/439"}],"wp:attachment":[{"href":"https:\/\/agabus.eus\/ca\/wp-json\/wp\/v2\/media?parent=67"}],"curies":[{"name":"wp","href":"https:\/\/api.w.org\/{rel}","templated":true}]}}