{"id":329,"date":"2022-11-24T13:08:12","date_gmt":"2022-11-24T11:08:12","guid":{"rendered":"http:\/\/dev.agabus.eus\/?page_id=329"},"modified":"2023-02-09T12:54:43","modified_gmt":"2023-02-09T10:54:43","slug":"actividades","status":"publish","type":"page","link":"https:\/\/agabus.eus\/ca\/somos-agabus\/actividades\/","title":{"rendered":"Activitats"},"content":{"rendered":"<p><div id=\"attachment_265\" style=\"width: 910px\" class=\"wp-caption alignnone\"><img loading=\"lazy\" decoding=\"async\" aria-describedby=\"caption-attachment-265\" src=\"http:\/\/dev.agabus.eus\/wp-content\/uploads\/2022\/11\/Captura_WEB.jpg\" alt=\"Foto: Sergio Ib\u00e1\u00f1ez.\" width=\"900\" height=\"675\" class=\"wp-image-265 size-full\" title=\"Foto: Sergio Ib\u00e1\u00f1ez.\" srcset=\"https:\/\/agabus.eus\/wp-content\/uploads\/2022\/11\/Captura_WEB.jpg 900w, https:\/\/agabus.eus\/wp-content\/uploads\/2022\/11\/Captura_WEB-300x225.jpg 300w, https:\/\/agabus.eus\/wp-content\/uploads\/2022\/11\/Captura_WEB-768x576.jpg 768w\" sizes=\"auto, (max-width: 900px) 100vw, 900px\" \/><p id=\"caption-attachment-265\" class=\"wp-caption-text\">Foto: Sergio Ib\u00e1\u00f1ez.<\/p><\/div><\/p>\n<p>Gr\u00e0cies a l&#8217;acord de col\u00b7laboraci\u00f3 establert entre la CTSS i AGABUS, durant aquests anys hem pogut realitzar diverses activitats. Entre d&#8217;altres, podem destacar les seg\u00fcents:<\/p>\n<ul>\n<li>Col\u00b7laboraci\u00f3 a l&#8217;exposici\u00f3 a Alderdi Eder amb motiu del 125\u00e8 aniversari de la CTSS.<\/li>\n<li>Col\u00b7laboraci\u00f3 en l&#8217;organitzaci\u00f3 de l&#8217;esdeveniment festiu dedicat a les fam\u00edlies amb motiu del 130\u00e8 aniversari de la CTSS.<\/li>\n<li>Col\u00b7laboraci\u00f3 en la realitzaci\u00f3 de l&#8217;exposici\u00f3 a la Casa de Cultura d&#8217;Aiete amb motiu del 133\u00e8 aniversari de la CTSS, que va comptar, a m\u00e9s, amb la donaci\u00f3 a t\u00edtol individual de material divers per part d&#8217;alguns socis de l&#8217;entitat.<\/li>\n<li>Col\u00b7laboraci\u00f3 amb el departament de M\u00e0rqueting i Comunicaci\u00f3 en la preparaci\u00f3 d&#8217;autobusos per la cavalcada dels Reis Mags en diverses edicions.<\/li>\n<li>Col\u00b7laboraci\u00f3 en petites tasques de manteniment i neteja dels dos autobusos hist\u00f2rics al llarg d&#8217;aquests anys.<\/li>\n<\/ul>\n<p>&nbsp;<\/p>\n<p><div id=\"attachment_266\" style=\"width: 910px\" class=\"wp-caption alignnone\"><img loading=\"lazy\" decoding=\"async\" aria-describedby=\"caption-attachment-266\" src=\"http:\/\/dev.agabus.eus\/wp-content\/uploads\/2022\/11\/Captura2_web.jpg\" alt=\"Foto: Carmen Tarrazo Izquierdo.\" width=\"900\" height=\"698\" class=\"wp-image-266 size-full\" title=\"Foto: Carmen Tarrazo Izquierdo.\" srcset=\"https:\/\/agabus.eus\/wp-content\/uploads\/2022\/11\/Captura2_web.jpg 900w, https:\/\/agabus.eus\/wp-content\/uploads\/2022\/11\/Captura2_web-300x233.jpg 300w, https:\/\/agabus.eus\/wp-content\/uploads\/2022\/11\/Captura2_web-768x596.jpg 768w\" sizes=\"auto, (max-width: 900px) 100vw, 900px\" \/><p id=\"caption-attachment-266\" class=\"wp-caption-text\">Foto: Carmen Tarrazo Izquierdo.<\/p><\/div><\/p>","protected":false},"excerpt":{"rendered":"<p>Gr\u00e0cies a l&#8217;acord de col\u00b7laboraci\u00f3 establert entre la CTSS i AGABUS, durant aquests anys hem pogut realitzar diverses activitats. Entre d&#8217;altres, podem destacar les seg\u00fcents: Col\u00b7laboraci\u00f3 a l&#8217;exposici\u00f3 a Alderdi Eder amb motiu del 125\u00e8 aniversari de la CTSS. Col\u00b7laboraci\u00f3 en l&#8217;organitzaci\u00f3 de l&#8217;esdeveniment festiu dedicat a les fam\u00edlies amb [&hellip;]<\/p>\n","protected":false},"author":2,"featured_media":0,"parent":67,"menu_order":0,"comment_status":"closed","ping_status":"closed","template":"","meta":{"footnotes":""},"class_list":["post-329","page","type-page","status-publish","hentry"],"_links":{"self":[{"href":"https:\/\/agabus.eus\/ca\/wp-json\/wp\/v2\/pages\/329","targetHints":{"allow":["GET"]}}],"collection":[{"href":"https:\/\/agabus.eus\/ca\/wp-json\/wp\/v2\/pages"}],"about":[{"href":"https:\/\/agabus.eus\/ca\/wp-json\/wp\/v2\/types\/page"}],"author":[{"embeddable":true,"href":"https:\/\/agabus.eus\/ca\/wp-json\/wp\/v2\/users\/2"}],"replies":[{"embeddable":true,"href":"https:\/\/agabus.eus\/ca\/wp-json\/wp\/v2\/comments?post=329"}],"version-history":[{"count":4,"href":"https:\/\/agabus.eus\/ca\/wp-json\/wp\/v2\/pages\/329\/revisions"}],"predecessor-version":[{"id":440,"href":"https:\/\/agabus.eus\/ca\/wp-json\/wp\/v2\/pages\/329\/revisions\/440"}],"up":[{"embeddable":true,"href":"https:\/\/agabus.eus\/ca\/wp-json\/wp\/v2\/pages\/67"}],"wp:attachment":[{"href":"https:\/\/agabus.eus\/ca\/wp-json\/wp\/v2\/media?parent=329"}],"curies":[{"name":"wp","href":"https:\/\/api.w.org\/{rel}","templated":true}]}}