{"id":270,"date":"2022-11-23T16:42:46","date_gmt":"2022-11-23T14:42:46","guid":{"rendered":"http:\/\/dev.agabus.eus\/?page_id=270"},"modified":"2023-02-09T13:03:59","modified_gmt":"2023-02-09T11:03:59","slug":"patrimonio","status":"publish","type":"page","link":"https:\/\/agabus.eus\/ca\/somos-agabus\/patrimonio\/","title":{"rendered":"Patrimoni"},"content":{"rendered":"<p>A l&#8217;estat espanyol, en general, no existeix una gran sensibilitat o cultura envers el patrimoni industrial, i especialment, en all\u00f2 referent als vehicles industrials.<\/p>\n<p>En el cas dels autom\u00f2bils i motocicletes hi ha una afici\u00f3 consolidada i creixent, i una cultura de conservaci\u00f3 i posada en valor destacada (realitzaci\u00f3 d&#8217;activitats diverses com ral\u00b7lis, concentracions, exposicions, etc&#8230; organitzades per associacions, clubs, empreses i molt sovint amb el suport d&#8217;institucions tant p\u00fabliques com privades).<\/p>\n<p>Tanmateix, en el cas dels vehicles industrials (camions, autobusos, maquin\u00e0ria agr\u00edcola i industrial, etc.) aix\u00f2 \u00e9s diferent. Si b\u00e9 \u00e9s cert que en aquest sector tamb\u00e9 existeixen aficionats, col\u00b7leccionistes i associacions centrades en preservar el patrimoni, les seues dimensions s\u00f3n m\u00e9s redu\u00efdes. Existeixen menys iniciatives en aquests sectors en favor de la seua posada en valor, tot i que, en els darrers anys, s&#8217;han constatat algunes iniciatives i projectes que comencen a agafar forma, especialment amb els camions hist\u00f2rics, i m\u00e9s ocasionalment, amb autobusos.<\/p>\n<p>Existeixen associacions a l&#8217;estat espanyol vinculades a aquest sector que van agafant com m\u00e9s va m\u00e9s for\u00e7a, per\u00f2 que nom\u00e9s subsistixen amb l&#8217;aportaci\u00f3 econ\u00f2mica dels seus socis, fent aquests un gran esfor\u00e7 econ\u00f2mic. Cal tenir en compte que el paper que han desenvolupat Euskadi, Navarra i Espanya en la construcci\u00f3 d&#8217;aquesta mena de vehicles ha sigut molt destacat (Hispano-Suiza, Barreiros, Pegaso, Ebro, Avia, Seida, Irizar, Sunsundegui, etc.).<\/p>\n<div id=\"attachment_276\" style=\"width: 910px\" class=\"wp-caption alignnone\"><img loading=\"lazy\" decoding=\"async\" aria-describedby=\"caption-attachment-276\" src=\"http:\/\/dev.agabus.eus\/wp-content\/uploads\/2022\/11\/IGUALADA-B3030BK-2017-06-04-Sta.Perpetua-Ctra.B-140-Alstom-CMP-3-copia.jpg\" alt=\"Foto: Carlos Mart\u00ednez.\" width=\"900\" height=\"300\" class=\"size-full wp-image-276\" srcset=\"https:\/\/agabus.eus\/wp-content\/uploads\/2022\/11\/IGUALADA-B3030BK-2017-06-04-Sta.Perpetua-Ctra.B-140-Alstom-CMP-3-copia.jpg 900w, https:\/\/agabus.eus\/wp-content\/uploads\/2022\/11\/IGUALADA-B3030BK-2017-06-04-Sta.Perpetua-Ctra.B-140-Alstom-CMP-3-copia-300x100.jpg 300w, https:\/\/agabus.eus\/wp-content\/uploads\/2022\/11\/IGUALADA-B3030BK-2017-06-04-Sta.Perpetua-Ctra.B-140-Alstom-CMP-3-copia-768x256.jpg 768w\" sizes=\"auto, (max-width: 900px) 100vw, 900px\" \/><p id=\"caption-attachment-276\" class=\"wp-caption-text\">Foto: Carlos Mart\u00ednez.<\/p><\/div>\n<p>La situaci\u00f3 \u00e9s diferent en diversos pa\u00efsos d&#8217;Europa on s\u00ed existeix una major cultura de preservar i posar en valor els vehicles de transport de persones i mercaderies de temps passats. Podem trobar m\u00e9s exemples d&#8217;iniciatives i projectes com museus, concentracions, l\u00ednies servides amb material hist\u00f2ric, etc&#8230;, promogudes per diferents associacions, empreses, institucions i organismes p\u00fablics.<\/p>\n<p>A m\u00e9s, de poder-se visitar a les instal\u00b7lacions d&#8217;aquestes entitats o en diverses activitats, els autobusos antics solen ser un reclam molt vist\u00f2s a pel\u00b7l\u00edcules, publicitat i s\u00e8ries ambientades en \u00e8poques en qu\u00e8 aquests vehicles circulaven pels nostres carrers i carreteres.<\/p>\n<p>Els que s&#8217;esmenten tot seguit s\u00f3n alguns dels exemples m\u00e9s destactats existents a l&#8217;estat espanyol de conservaci\u00f3 de patrimoni en el sector de l&#8217;autob\u00fas:<\/p>\n<h5>Associacions<\/h5>\n<h6>ARCA, Associaci\u00f3 per la Recuperaci\u00f3 i Conservaci\u00f3 d&#8217;Autobusos<\/h6>\n<div id=\"attachment_278\" style=\"width: 910px\" class=\"wp-caption alignnone\"><img loading=\"lazy\" decoding=\"async\" aria-describedby=\"caption-attachment-278\" src=\"http:\/\/dev.agabus.eus\/wp-content\/uploads\/2022\/11\/IMG_7071-copia-2018-05-12-BCN-Pol.Ind_.Zona-Franca-CMP.jpg\" alt=\"Foto: Carlos Mart\u00ednez.\" width=\"900\" height=\"600\" class=\"size-full wp-image-278\" srcset=\"https:\/\/agabus.eus\/wp-content\/uploads\/2022\/11\/IMG_7071-copia-2018-05-12-BCN-Pol.Ind_.Zona-Franca-CMP.jpg 900w, https:\/\/agabus.eus\/wp-content\/uploads\/2022\/11\/IMG_7071-copia-2018-05-12-BCN-Pol.Ind_.Zona-Franca-CMP-300x200.jpg 300w, https:\/\/agabus.eus\/wp-content\/uploads\/2022\/11\/IMG_7071-copia-2018-05-12-BCN-Pol.Ind_.Zona-Franca-CMP-768x512.jpg 768w, https:\/\/agabus.eus\/wp-content\/uploads\/2022\/11\/IMG_7071-copia-2018-05-12-BCN-Pol.Ind_.Zona-Franca-CMP-360x240.jpg 360w\" sizes=\"auto, (max-width: 900px) 100vw, 900px\" \/><p id=\"caption-attachment-278\" class=\"wp-caption-text\">Foto: Carlos Mart\u00ednez.<\/p><\/div>\n<p>Primera associaci\u00f3 a l&#8217;estat espanyol dedicada a la preservaci\u00f3 d&#8217;autobusos. Compta amb una \u00e0mplia flota, a la qual s&#8217;afegeixen els vehicles titularitat d&#8217;algun dels seus socis. Durant l&#8217;any realitza diferents activitats entre les que destaquen el Ral\u00b7li d&#8217;Autobusos Cl\u00e0ssics Barcelona-Caldes i el Ral\u00b7lib\u00fas de Sabadell que es realitza dins de la festa major de la capital del Vall\u00e8s Occidental.<\/p>\n<p>Web:\u00a0<a href=\"https:\/\/www.arca-bus.org\/\">https:\/\/www.arca-bus.org\/<\/a><\/p>\n<h6>AEMTBus, Asociaci\u00f3n de Amigos de la EMT y del Autob\u00fas<\/h6>\n<div id=\"attachment_282\" style=\"width: 910px\" class=\"wp-caption alignnone\"><img loading=\"lazy\" decoding=\"async\" aria-describedby=\"caption-attachment-282\" src=\"http:\/\/dev.agabus.eus\/wp-content\/uploads\/2022\/11\/MADRID-MADRID-708-2014-11-01-M4356GV-Lin36-Intercambiador-Atocha-Renfe-CMP-11.jpg\" alt=\"Foto: Carlos Mart\u00ednez.\" width=\"900\" height=\"600\" class=\"size-full wp-image-282\" srcset=\"https:\/\/agabus.eus\/wp-content\/uploads\/2022\/11\/MADRID-MADRID-708-2014-11-01-M4356GV-Lin36-Intercambiador-Atocha-Renfe-CMP-11.jpg 900w, https:\/\/agabus.eus\/wp-content\/uploads\/2022\/11\/MADRID-MADRID-708-2014-11-01-M4356GV-Lin36-Intercambiador-Atocha-Renfe-CMP-11-300x200.jpg 300w, https:\/\/agabus.eus\/wp-content\/uploads\/2022\/11\/MADRID-MADRID-708-2014-11-01-M4356GV-Lin36-Intercambiador-Atocha-Renfe-CMP-11-768x512.jpg 768w, https:\/\/agabus.eus\/wp-content\/uploads\/2022\/11\/MADRID-MADRID-708-2014-11-01-M4356GV-Lin36-Intercambiador-Atocha-Renfe-CMP-11-360x240.jpg 360w\" sizes=\"auto, (max-width: 900px) 100vw, 900px\" \/><p id=\"caption-attachment-282\" class=\"wp-caption-text\">Foto: Carlos Mart\u00ednez.<\/p><\/div>\n<p>Associaci\u00f3 creada dins de l&#8217;EMT de Madrid, amb la qual col\u00b7labora en la gesti\u00f3 del museu de l&#8217;empresa i en l&#8217;organitzaci\u00f3 d&#8217;activitats per difondre el seu patrimoni. Tenen sota la seua cust\u00f2dia una unitat del model Pegaso 6038, cedida per l&#8217;EMT.<\/p>\n<p>Web:\u00a0<a href=\"http:\/\/www.aemtbus.org\/\">http:\/\/www.aemtbus.org\/<\/a><\/p>\n<h6>TRAN-BUS, Asociaci\u00f3n Malague\u00f1a para la Recuperaci\u00f3n y Restauraci\u00f3n de Tranv\u00edas y Autobuses<\/h6>\n<div id=\"attachment_284\" style=\"width: 753px\" class=\"wp-caption alignnone\"><img loading=\"lazy\" decoding=\"async\" aria-describedby=\"caption-attachment-284\" src=\"http:\/\/dev.agabus.eus\/wp-content\/uploads\/2022\/11\/Screenshot_20221123-104040__01.jpg\" alt=\"Foto: Pedro Garc\u00eda Izquierdo.\" width=\"743\" height=\"304\" class=\"size-full wp-image-284\" srcset=\"https:\/\/agabus.eus\/wp-content\/uploads\/2022\/11\/Screenshot_20221123-104040__01.jpg 743w, https:\/\/agabus.eus\/wp-content\/uploads\/2022\/11\/Screenshot_20221123-104040__01-300x123.jpg 300w\" sizes=\"auto, (max-width: 743px) 100vw, 743px\" \/><p id=\"caption-attachment-284\" class=\"wp-caption-text\">Foto: Pedro Garc\u00eda Izquierdo.<\/p><\/div>\n<p>Associaci\u00f3 amb seu a M\u00e0laga que compta amb una \u00e0mplia flota de vehicles preservats i que col\u00b7labora amb l&#8217;EMT de M\u00e0laga en l&#8217;organitzaci\u00f3 de diferents activitats en les quals participen aquests vehicles.<\/p>\n<p>Entrevista a Jos\u00e9 Ram\u00f3n Rodr\u00edguez, president de TRAN-BUS, i a Pedro Garc\u00eda, membre de la junta directiva de l&#8217;entitat; emesa a Onda Azul M\u00e1laga, el 20 de juny de 2013:<\/p>\n<p><iframe loading=\"lazy\" width=\"900\" height=\"506\" src=\"https:\/\/www.youtube.com\/embed\/42tTCQ7YhvM\" title=\"YouTube video player\" frameborder=\"0\" allow=\"accelerometer; autoplay; clipboard-write; encrypted-media; gyroscope; picture-in-picture\" allowfullscreen=\"allowfullscreen\"><\/iframe><\/p>\n<p>Web:\u00a0<a href=\"http:\/\/tran-bus.com\/\">http:\/\/tran-bus.com\/<\/a><\/p>\n<h6>BML, Euskal Burnibidearen Museoaren Lagunak<\/h6>\n<div id=\"attachment_285\" style=\"width: 910px\" class=\"wp-caption alignnone\"><img loading=\"lazy\" decoding=\"async\" aria-describedby=\"caption-attachment-285\" src=\"http:\/\/dev.agabus.eus\/wp-content\/uploads\/2022\/11\/1884-2018-06-08-BI0301BJ-BILBOBUS-LinBML-El-Bruc-Bruc-de-Dalt-CMP-11.jpg\" alt=\"Foto: Carlos Mart\u00ednez.\" width=\"900\" height=\"600\" class=\"size-full wp-image-285\" srcset=\"https:\/\/agabus.eus\/wp-content\/uploads\/2022\/11\/1884-2018-06-08-BI0301BJ-BILBOBUS-LinBML-El-Bruc-Bruc-de-Dalt-CMP-11.jpg 900w, https:\/\/agabus.eus\/wp-content\/uploads\/2022\/11\/1884-2018-06-08-BI0301BJ-BILBOBUS-LinBML-El-Bruc-Bruc-de-Dalt-CMP-11-300x200.jpg 300w, https:\/\/agabus.eus\/wp-content\/uploads\/2022\/11\/1884-2018-06-08-BI0301BJ-BILBOBUS-LinBML-El-Bruc-Bruc-de-Dalt-CMP-11-768x512.jpg 768w, https:\/\/agabus.eus\/wp-content\/uploads\/2022\/11\/1884-2018-06-08-BI0301BJ-BILBOBUS-LinBML-El-Bruc-Bruc-de-Dalt-CMP-11-360x240.jpg 360w\" sizes=\"auto, (max-width: 900px) 100vw, 900px\" \/><p id=\"caption-attachment-285\" class=\"wp-caption-text\">Foto: Carlos Mart\u00ednez.<\/p><\/div>\n<p>BML \u00e9s l&#8217;Associaci\u00f3 d&#8217;Amics del Museu Basc del Ferrocarril i t\u00e9 la seua seu a Azpeitia, al mateix museu, amb el qui col\u00b7labora estretament. Fa uns anys va rebre en donaci\u00f3 una unitat Mercedes Benz O405 que va pert\u00e0nyer a Bilbobus, que custodia el museu i l&#8217;utilitza per activitats de promoci\u00f3 del propi museu.<\/p>\n<p>Una de les activitats m\u00e9s destacades en les que ha participat va ser l&#8217;any 2018, a la IX edici\u00f3 del Ral\u00b7li d&#8217;Autobusos Cl\u00e0ssics Barcelona-Caldes, sent convidat per l&#8217;organitzaci\u00f3 i on van participar com a voluntaris dos dels nostres socis.<\/p>\n<p>V\u00eddeo enregistrat des de l&#8217;interior del Mercedes Benz O405 custodiat per BML on es pot veure el recorregut del Ral\u00b7li d&#8217;Autobusos Cl\u00e0ssics Barcelona-Caldes durant la seua IX edici\u00f3:<\/p>\n<p><iframe loading=\"lazy\" width=\"900\" height=\"506\" src=\"https:\/\/www.youtube.com\/embed\/-d0FzWMuPBI\" title=\"YouTube video player\" frameborder=\"0\" allow=\"accelerometer; autoplay; clipboard-write; encrypted-media; gyroscope; picture-in-picture\" allowfullscreen><\/iframe><\/p>\n<p>Web:\u00a0<a href=\"http:\/\/www.euskalbml.com\/\">http:\/\/www.euskalbml.com\/<\/a><\/p>\n<h5>Empresas<\/h5>\n<h6>EMT, Empresa Municipal de Transportes de Madrid<\/h6>\n<div id=\"attachment_286\" style=\"width: 910px\" class=\"wp-caption alignnone\"><img loading=\"lazy\" decoding=\"async\" aria-describedby=\"caption-attachment-286\" src=\"http:\/\/dev.agabus.eus\/wp-content\/uploads\/2022\/11\/IMG_0904-copia-2012-10-27-Cotxera-Fuencarral-CMP.jpg\" alt=\"Foto: Carlos Mart\u00ednez.\" width=\"900\" height=\"400\" class=\"size-full wp-image-286\" srcset=\"https:\/\/agabus.eus\/wp-content\/uploads\/2022\/11\/IMG_0904-copia-2012-10-27-Cotxera-Fuencarral-CMP.jpg 900w, https:\/\/agabus.eus\/wp-content\/uploads\/2022\/11\/IMG_0904-copia-2012-10-27-Cotxera-Fuencarral-CMP-300x133.jpg 300w, https:\/\/agabus.eus\/wp-content\/uploads\/2022\/11\/IMG_0904-copia-2012-10-27-Cotxera-Fuencarral-CMP-768x341.jpg 768w\" sizes=\"auto, (max-width: 900px) 100vw, 900px\" \/><p id=\"caption-attachment-286\" class=\"wp-caption-text\">Foto: Carlos Mart\u00ednez.<\/p><\/div>\n<p>L&#8217;EMT de Madrid compta amb un museu propi on conserva diverses unitats d&#8217;autobusos i amb les que realitza diferents activitats, comptant amb la col\u00b7laboraci\u00f3 de l&#8217;Asociaci\u00f3n de Amigos de la EMT y del Autob\u00fas.<\/p>\n<p>Reportatge sobre l&#8217;exposici\u00f3 d&#8217;autobusos hist\u00f2rics de l&#8217;EMT de Madrid, celebrada el 12 de juny de 2016:<\/p>\n<p><iframe loading=\"lazy\" width=\"900\" height=\"506\" src=\"https:\/\/www.youtube.com\/embed\/tHkkv8KrIns\" title=\"YouTube video player\" frameborder=\"0\" allow=\"accelerometer; autoplay; clipboard-write; encrypted-media; gyroscope; picture-in-picture\" allowfullscreen><\/iframe><\/p>\n<p>Web:\u00a0<a href=\"https:\/\/museo.emtmadrid.es\/\">https:\/\/museo.emtmadrid.es\/<\/a><\/p>\n<h6>TMB, Transports Metropolitans de Barcelona<\/h6>\n<div id=\"attachment_288\" style=\"width: 910px\" class=\"wp-caption alignnone\"><img loading=\"lazy\" decoding=\"async\" aria-describedby=\"caption-attachment-288\" src=\"http:\/\/dev.agabus.eus\/wp-content\/uploads\/2022\/11\/IMG_6868-copia-2018-05-12-BCN-Estacio-de-Sants-CMP.jpg\" alt=\"Foto: Carlos Mart\u00ednez.\" width=\"900\" height=\"600\" class=\"size-full wp-image-288\" srcset=\"https:\/\/agabus.eus\/wp-content\/uploads\/2022\/11\/IMG_6868-copia-2018-05-12-BCN-Estacio-de-Sants-CMP.jpg 900w, https:\/\/agabus.eus\/wp-content\/uploads\/2022\/11\/IMG_6868-copia-2018-05-12-BCN-Estacio-de-Sants-CMP-300x200.jpg 300w, https:\/\/agabus.eus\/wp-content\/uploads\/2022\/11\/IMG_6868-copia-2018-05-12-BCN-Estacio-de-Sants-CMP-768x512.jpg 768w, https:\/\/agabus.eus\/wp-content\/uploads\/2022\/11\/IMG_6868-copia-2018-05-12-BCN-Estacio-de-Sants-CMP-360x240.jpg 360w\" sizes=\"auto, (max-width: 900px) 100vw, 900px\" \/><p id=\"caption-attachment-288\" class=\"wp-caption-text\">Foto: Carlos Mart\u00ednez.<\/p><\/div>\n<p>TMB compta amb una fundaci\u00f3 que s&#8217;encarrega, entre d&#8217;altres tasques, de la conservaci\u00f3 del patrimoni hist\u00f2ric de l&#8217;empresa. Compta amb diverses unitats de tramvies, troleibusos i autobusos, algunes ja restaurades amb les que participa en esdeveniments com el Ral\u00b7li d&#8217;Autobusos Cl\u00e0ssics Barcelona-Caldes.<\/p>\n<p>Web:\u00a0<a href=\"https:\/\/fundacio.tmb.cat\/ca\/home\">https:\/\/fundacio.tmb.cat\/ca\/home<\/a><\/p>\n<h6>Vitrasa<\/h6>\n<div id=\"attachment_290\" style=\"width: 910px\" class=\"wp-caption alignnone\"><img loading=\"lazy\" decoding=\"async\" aria-describedby=\"caption-attachment-290\" src=\"http:\/\/dev.agabus.eus\/wp-content\/uploads\/2022\/11\/45374109_1870996382953526_4204374701876707328_n-copia.jpg\" alt=\"Foto: Vitrasa.\" width=\"900\" height=\"506\" class=\"size-full wp-image-290\" srcset=\"https:\/\/agabus.eus\/wp-content\/uploads\/2022\/11\/45374109_1870996382953526_4204374701876707328_n-copia.jpg 900w, https:\/\/agabus.eus\/wp-content\/uploads\/2022\/11\/45374109_1870996382953526_4204374701876707328_n-copia-300x169.jpg 300w, https:\/\/agabus.eus\/wp-content\/uploads\/2022\/11\/45374109_1870996382953526_4204374701876707328_n-copia-768x432.jpg 768w\" sizes=\"auto, (max-width: 900px) 100vw, 900px\" \/><p id=\"caption-attachment-290\" class=\"wp-caption-text\">Foto: Vitrasa.<\/p><\/div>\n<p>Vitrasa \u00e9s l&#8217;empresa que gestiona el transport urb\u00e0 de Vigo, integrada al grup Avanza. Compta amb un antic Pegaso Comet restaurat, anomenat &#8220;el Cometa&#8221;, i que empren per diverses activitats de promoci\u00f3; per exemple, durant les festes de Nadal de 2019 fou utilitzat com a cotxe taquilla per la venda dels bitllets dels autobusos tur\u00edstics que circulaven pels carrers amb enllumenat nadalenc.<\/p>\n<p>Reportatge per Metropolitano Vigo sobre &#8220;el Cometa&#8221; de Vitrasa:<\/p>\n<p><iframe loading=\"lazy\" width=\"900\" height=\"506\" src=\"https:\/\/www.youtube.com\/embed\/Uw7pAl35W9Q\" title=\"YouTube video player\" frameborder=\"0\" allow=\"accelerometer; autoplay; clipboard-write; encrypted-media; gyroscope; picture-in-picture\" allowfullscreen><\/iframe><\/p>\n<p>Web:\u00a0<a href=\"https:\/\/www.vitrasa.es\/\">https:\/\/www.vitrasa.es\/<\/a><\/p>\n<h6>TC, Tranv\u00edas de la Coru\u00f1a<\/h6>\n<div id=\"attachment_291\" style=\"width: 910px\" class=\"wp-caption alignnone\"><img loading=\"lazy\" decoding=\"async\" aria-describedby=\"caption-attachment-291\" src=\"http:\/\/dev.agabus.eus\/wp-content\/uploads\/2022\/11\/SemMob2015-Bus-Obelisco-DDG-copia.jpg\" alt=\"Foto: Daniel D\u00edaz Grand\u00edo.\" width=\"900\" height=\"675\" class=\"size-full wp-image-291\" srcset=\"https:\/\/agabus.eus\/wp-content\/uploads\/2022\/11\/SemMob2015-Bus-Obelisco-DDG-copia.jpg 900w, https:\/\/agabus.eus\/wp-content\/uploads\/2022\/11\/SemMob2015-Bus-Obelisco-DDG-copia-300x225.jpg 300w, https:\/\/agabus.eus\/wp-content\/uploads\/2022\/11\/SemMob2015-Bus-Obelisco-DDG-copia-768x576.jpg 768w\" sizes=\"auto, (max-width: 900px) 100vw, 900px\" \/><p id=\"caption-attachment-291\" class=\"wp-caption-text\">Foto: Daniel D\u00edaz Grand\u00edo.<\/p><\/div>\n<p>La Compa\u00f1\u00eda de Tranv\u00eda de Coru\u00f1a \u00e9s l&#8217;encarregada de gestionar el transport urb\u00e0 d&#8217;A Coru\u00f1a. A m\u00e9s de disposar d&#8217;una petita flota de tramvies hist\u00f2rics amb els quals va assegurar el servei durant uns anys d&#8217;una l\u00ednia de car\u00e0cter tur\u00edstic, compta amb un autob\u00fas Pegaso Comet restaurat, amb el que realitza alguna activitat promocional en esdeveniments com la Setmana de la Mobilitat.<\/p>\n<p>Web:\u00a0<a href=\"https:\/\/tranviascoruna.com\/\">https:\/\/tranviascoruna.com\/<\/a><\/p>\n<h6>Empresa Municipal de Transportes Urbanos S.A. (EMTUSA) de Gij\u00f3n<\/h6>\n<div id=\"attachment_292\" style=\"width: 910px\" class=\"wp-caption alignnone\"><img loading=\"lazy\" decoding=\"async\" aria-describedby=\"caption-attachment-292\" src=\"http:\/\/dev.agabus.eus\/wp-content\/uploads\/2022\/11\/IMG_4918-copia-2019-07-25-Cotxera-CMP.jpg\" alt=\"Foto: Carlos Mart\u00ednez.\" width=\"900\" height=\"600\" class=\"size-full wp-image-292\" srcset=\"https:\/\/agabus.eus\/wp-content\/uploads\/2022\/11\/IMG_4918-copia-2019-07-25-Cotxera-CMP.jpg 900w, https:\/\/agabus.eus\/wp-content\/uploads\/2022\/11\/IMG_4918-copia-2019-07-25-Cotxera-CMP-300x200.jpg 300w, https:\/\/agabus.eus\/wp-content\/uploads\/2022\/11\/IMG_4918-copia-2019-07-25-Cotxera-CMP-768x512.jpg 768w, https:\/\/agabus.eus\/wp-content\/uploads\/2022\/11\/IMG_4918-copia-2019-07-25-Cotxera-CMP-360x240.jpg 360w\" sizes=\"auto, (max-width: 900px) 100vw, 900px\" \/><p id=\"caption-attachment-292\" class=\"wp-caption-text\">Foto: Carlos Mart\u00ednez.<\/p><\/div>\n<p>EMTUSA \u00e9s l&#8217;empresa encarregada de la gesti\u00f3 del transport urb\u00e0 de Xix\u00f3n i entre la seua flota compta des de fa uns pocs d&#8217;anys amb una unitat restaurada als seus tallers. Es tracta d&#8217;un Pegaso 6035A, anomenat &#8220;el Pegas\u00edn&#8221;, amb el qual realitzen diferents activitats promocionals de la pr\u00f2pia empresa.<\/p>\n<p>Reportatge sobre &#8220;el Pegas\u00edn&#8221; elaborat pel canal de Youtube El Rinc\u00f3n Pr\u00e1ctico:<\/p>\n<p><iframe loading=\"lazy\" width=\"900\" height=\"506\" src=\"https:\/\/www.youtube.com\/embed\/U09rbw_n8is\" title=\"YouTube video player\" frameborder=\"0\" allow=\"accelerometer; autoplay; clipboard-write; encrypted-media; gyroscope; picture-in-picture\" allowfullscreen=\"allowfullscreen\"><\/iframe><\/p>\n<p>Web:\u00a0<a href=\"https:\/\/www.gijon.es\/es\/directorio\/emtusa-empresa-municipal-de-transportes-urbanos-sa\">https:\/\/www.gijon.es\/es\/directorio\/emtusa-empresa-municipal-de-transportes-urbanos-sa<\/a><\/p>\n<h6>Alsa<\/h6>\n<div id=\"attachment_294\" style=\"width: 910px\" class=\"wp-caption alignnone\"><img loading=\"lazy\" decoding=\"async\" aria-describedby=\"caption-attachment-294\" src=\"http:\/\/dev.agabus.eus\/wp-content\/uploads\/2022\/11\/2011-03-20-CMP-497-copia-2011-03-20-Sta.Perpetua-Pg.de-La-Florida-Cami-de-la-Granja-CMP.jpg\" alt=\"Foto: Carlos Mart\u00ednez.\" width=\"900\" height=\"600\" class=\"size-full wp-image-294\" srcset=\"https:\/\/agabus.eus\/wp-content\/uploads\/2022\/11\/2011-03-20-CMP-497-copia-2011-03-20-Sta.Perpetua-Pg.de-La-Florida-Cami-de-la-Granja-CMP.jpg 900w, https:\/\/agabus.eus\/wp-content\/uploads\/2022\/11\/2011-03-20-CMP-497-copia-2011-03-20-Sta.Perpetua-Pg.de-La-Florida-Cami-de-la-Granja-CMP-300x200.jpg 300w, https:\/\/agabus.eus\/wp-content\/uploads\/2022\/11\/2011-03-20-CMP-497-copia-2011-03-20-Sta.Perpetua-Pg.de-La-Florida-Cami-de-la-Granja-CMP-768x512.jpg 768w, https:\/\/agabus.eus\/wp-content\/uploads\/2022\/11\/2011-03-20-CMP-497-copia-2011-03-20-Sta.Perpetua-Pg.de-La-Florida-Cami-de-la-Granja-CMP-360x240.jpg 360w\" sizes=\"auto, (max-width: 900px) 100vw, 900px\" \/><p id=\"caption-attachment-294\" class=\"wp-caption-text\">Foto: Carlos Mart\u00ednez.<\/p><\/div>\n<p>La multinacional asturiana disposa d&#8217;una \u00e0mplia col\u00b7lecci\u00f3 de vehicles hist\u00f2rics, alguns dels quals han participat en esdeveniments com el Ral\u00b7li d&#8217;Autobusos Cl\u00e0ssics Barcelona-Caldes o a rodatges de diferents pel\u00b7l\u00edcules. A la posada a punt de la flota hist\u00f2rica d&#8217;ALSA hi participen alumnes dels cicles de formaci\u00f3 de carrosseria que impartix la pr\u00f2pia companyia.<\/p>\n<p>Web:\u00a0<a href=\"https:\/\/www.alsa.es\/\">https:\/\/www.alsa.es\/<\/a><\/p>\n<h6>Autocares Cui\u00f1a<\/h6>\n<div id=\"attachment_295\" style=\"width: 910px\" class=\"wp-caption alignnone\"><img loading=\"lazy\" decoding=\"async\" aria-describedby=\"caption-attachment-295\" src=\"http:\/\/dev.agabus.eus\/wp-content\/uploads\/2022\/11\/CUINA-62-2018-02-03-PO6586O-Cotxera-Silleda-CMP-10.jpg\" alt=\"Foto: Carlos Mart\u00ednez.\" width=\"900\" height=\"375\" class=\"size-full wp-image-295\" srcset=\"https:\/\/agabus.eus\/wp-content\/uploads\/2022\/11\/CUINA-62-2018-02-03-PO6586O-Cotxera-Silleda-CMP-10.jpg 900w, https:\/\/agabus.eus\/wp-content\/uploads\/2022\/11\/CUINA-62-2018-02-03-PO6586O-Cotxera-Silleda-CMP-10-300x125.jpg 300w, https:\/\/agabus.eus\/wp-content\/uploads\/2022\/11\/CUINA-62-2018-02-03-PO6586O-Cotxera-Silleda-CMP-10-768x320.jpg 768w\" sizes=\"auto, (max-width: 900px) 100vw, 900px\" \/><p id=\"caption-attachment-295\" class=\"wp-caption-text\">Foto: Carlos Mart\u00ednez.<\/p><\/div>\n<p>Aquesta empresa gallega amb origen a la localitat pontevedresa de Silleda disposa d&#8217;un petit museu que cont\u00e9 una \u00e0mplia col\u00b7lecci\u00f3 d&#8217;autobusos cl\u00e0ssics, restaurats a les seues propies instal\u00b7lacions. Aquests vehicles han participat en nombrosos rodatges, aix\u00ed com en diversos esdeveniments ja sigui de car\u00e0cter p\u00fablic, com fires o trobades, ja sigui de car\u00e0cter m\u00e9s familiar, com noces o comunions.<\/p>\n<p>Web:\u00a0<a href=\"http:\/\/autocarescuina.com\/v\/Autocares\/Autocares-Cui%C3%B1a\/Servicios\/Sin_Marca\/Veh%C3%ADculos%20Hist%C3%B3ricos\/70.aspx\">http:\/\/autocarescuina.com\/v\/Autocares\/Autocares-Cui%C3%B1a\/Servicios\/Sin_Marca\/Veh%C3%ADculos%20Hist%C3%B3ricos\/70.aspx<\/a><\/p>\n<h6>Sagal\u00e9s<\/h6>\n<div id=\"attachment_296\" style=\"width: 910px\" class=\"wp-caption alignnone\"><img loading=\"lazy\" decoding=\"async\" aria-describedby=\"caption-attachment-296\" src=\"http:\/\/dev.agabus.eus\/wp-content\/uploads\/2022\/11\/IMG_8988-copia-2019-06-09-Montcada-Pla-de-Matabous-Torrent-de-Can-Payas-CMP.jpg\" alt=\"Foto: Carlos Mart\u00ednez.\" width=\"900\" height=\"540\" class=\"size-full wp-image-296\" srcset=\"https:\/\/agabus.eus\/wp-content\/uploads\/2022\/11\/IMG_8988-copia-2019-06-09-Montcada-Pla-de-Matabous-Torrent-de-Can-Payas-CMP.jpg 900w, https:\/\/agabus.eus\/wp-content\/uploads\/2022\/11\/IMG_8988-copia-2019-06-09-Montcada-Pla-de-Matabous-Torrent-de-Can-Payas-CMP-300x180.jpg 300w, https:\/\/agabus.eus\/wp-content\/uploads\/2022\/11\/IMG_8988-copia-2019-06-09-Montcada-Pla-de-Matabous-Torrent-de-Can-Payas-CMP-768x461.jpg 768w\" sizes=\"auto, (max-width: 900px) 100vw, 900px\" \/><p id=\"caption-attachment-296\" class=\"wp-caption-text\">Foto: Carlos Mart\u00ednez.<\/p><\/div>\n<p>Una de les empreses m\u00e9s veteranes del sector del transport de viatgers a Catalunya disposa d&#8217;una destacada col\u00b7lecci\u00f3 de vehicles hist\u00f2rics amb exemplars que s&#8217;apropen al centenar d&#8217;anys d&#8217;antiguetat; fins d&#8217;altres m\u00e9s moderns passant per vehicles curiosos com el simp\u00e0tic PitufoBus (un Setra Seida S10 transformat amb la imatge dels coneguts dibuixos animats dels Barrufets) o el JoviBus (un t\u00edpic autob\u00fas escolar americ\u00e0 emprat per la coneguda empresa Jovi de productes per l&#8217;ensenyament infantil).<\/p>\n<p>Part d&#8217;aquesta flota de vehicles \u00e9s visitable a una exposici\u00f3 permanent instal\u00b7lada a una antiga nau de la companyia ubicada molt a prop de l&#8217;actual estaci\u00f3 d&#8217;autobusos de Caldes de Montbui, lloc d&#8217;origen de l&#8217;empresa.<\/p>\n<p>Web:\u00a0<a href=\"https:\/\/www.sagales.com\/noticia\/categoria\/21\/vehicles-classics\">https:\/\/www.sagales.com\/noticia\/categoria\/21\/vehicles-classics<\/a><a href=\"https:\/\/www.sagales.com\/es\/noticia\/categoria\/21\/vehiculos-clasicos\"><\/a><\/p>","protected":false},"excerpt":{"rendered":"<p>A l&#8217;estat espanyol, en general, no existeix una gran sensibilitat o cultura envers el patrimoni industrial, i especialment, en all\u00f2 referent als vehicles industrials. En el cas dels autom\u00f2bils i motocicletes hi ha una afici\u00f3 consolidada i creixent, i una cultura de conservaci\u00f3 i posada en valor destacada (realitzaci\u00f3 d&#8217;activitats [&hellip;]<\/p>\n","protected":false},"author":2,"featured_media":0,"parent":67,"menu_order":0,"comment_status":"closed","ping_status":"closed","template":"","meta":{"footnotes":""},"class_list":["post-270","page","type-page","status-publish","hentry"],"_links":{"self":[{"href":"https:\/\/agabus.eus\/ca\/wp-json\/wp\/v2\/pages\/270","targetHints":{"allow":["GET"]}}],"collection":[{"href":"https:\/\/agabus.eus\/ca\/wp-json\/wp\/v2\/pages"}],"about":[{"href":"https:\/\/agabus.eus\/ca\/wp-json\/wp\/v2\/types\/page"}],"author":[{"embeddable":true,"href":"https:\/\/agabus.eus\/ca\/wp-json\/wp\/v2\/users\/2"}],"replies":[{"embeddable":true,"href":"https:\/\/agabus.eus\/ca\/wp-json\/wp\/v2\/comments?post=270"}],"version-history":[{"count":25,"href":"https:\/\/agabus.eus\/ca\/wp-json\/wp\/v2\/pages\/270\/revisions"}],"predecessor-version":[{"id":441,"href":"https:\/\/agabus.eus\/ca\/wp-json\/wp\/v2\/pages\/270\/revisions\/441"}],"up":[{"embeddable":true,"href":"https:\/\/agabus.eus\/ca\/wp-json\/wp\/v2\/pages\/67"}],"wp:attachment":[{"href":"https:\/\/agabus.eus\/ca\/wp-json\/wp\/v2\/media?parent=270"}],"curies":[{"name":"wp","href":"https:\/\/api.w.org\/{rel}","templated":true}]}}